{"id":9904,"date":"2025-05-02T21:05:29","date_gmt":"2025-05-02T21:05:29","guid":{"rendered":"https:\/\/danielfarias.com.br\/sindilojas-temp\/?page_id=9904"},"modified":"2025-08-11T14:12:46","modified_gmt":"2025-08-11T14:12:46","slug":"livro-de-reclamacoes","status":"publish","type":"page","link":"https:\/\/sindilojasfor.org.br\/web\/livro-de-reclamacoes\/","title":{"rendered":"Livro de Reclama\u00e7\u00f5es"},"content":{"rendered":"\t\t<div data-elementor-type=\"wp-page\" data-elementor-id=\"9904\" class=\"elementor elementor-9904\" data-elementor-post-type=\"page\">\n\t\t\t\t<div class=\"elementor-element elementor-element-9eeba97 e-flex e-con-boxed e-con e-parent\" data-id=\"9eeba97\" data-element_type=\"container\" data-e-type=\"container\" data-settings=\"{&quot;background_background&quot;:&quot;classic&quot;}\">\n\t\t\t\t\t<div class=\"e-con-inner\">\n\t\t\t\t\t<\/div>\n\t\t\t\t<\/div>\n\t\t<div class=\"elementor-element elementor-element-d6069e1 e-flex e-con-boxed e-con e-parent\" data-id=\"d6069e1\" data-element_type=\"container\" data-e-type=\"container\">\n\t\t\t\t\t<div class=\"e-con-inner\">\n\t\t\t\t<div class=\"elementor-element elementor-element-6e7d4c4 elementor-widget elementor-widget-image\" data-id=\"6e7d4c4\" data-element_type=\"widget\" data-e-type=\"widget\" data-widget_type=\"image.default\">\n\t\t\t\t<div class=\"elementor-widget-container\">\n\t\t\t\t\t\t\t\t\t\t\t\t\t\t\t<img decoding=\"async\" width=\"71\" height=\"71\" src=\"https:\/\/sindilojasfor.org.br\/web\/wp-content\/uploads\/2025\/05\/detalhe-xadrez.webp\" class=\"attachment-large size-large wp-image-128\" alt=\"\" \/>\t\t\t\t\t\t\t\t\t\t\t\t\t\t\t<\/div>\n\t\t\t\t<\/div>\n\t\t\t\t\t<\/div>\n\t\t\t\t<\/div>\n\t\t<div class=\"elementor-element elementor-element-97cacd6 e-flex e-con-boxed e-con e-parent\" data-id=\"97cacd6\" data-element_type=\"container\" data-e-type=\"container\">\n\t\t\t\t\t<div class=\"e-con-inner\">\n\t\t<div class=\"elementor-element elementor-element-e761987 e-con-full e-flex e-con e-child\" data-id=\"e761987\" data-element_type=\"container\" data-e-type=\"container\">\n\t\t\t\t<div class=\"elementor-element elementor-element-ee5d293 scroll-bottom elementor-widget elementor-widget-image\" data-id=\"ee5d293\" data-element_type=\"widget\" data-e-type=\"widget\" data-widget_type=\"image.default\">\n\t\t\t\t<div class=\"elementor-widget-container\">\n\t\t\t\t\t\t\t\t\t\t\t\t\t\t\t<img fetchpriority=\"high\" decoding=\"async\" width=\"212\" height=\"300\" src=\"https:\/\/sindilojasfor.org.br\/web\/wp-content\/uploads\/2025\/05\/livro_recl-212x300.png.webp\" class=\"attachment-large size-large wp-image-10357\" alt=\"\" \/>\t\t\t\t\t\t\t\t\t\t\t\t\t\t\t<\/div>\n\t\t\t\t<\/div>\n\t\t\t\t<\/div>\n\t\t<div class=\"elementor-element elementor-element-f85ab1e e-con-full e-flex e-con e-child\" data-id=\"f85ab1e\" data-element_type=\"container\" data-e-type=\"container\" data-settings=\"{&quot;background_background&quot;:&quot;classic&quot;}\">\n\t\t\t\t<div class=\"elementor-element elementor-element-80fe7d2 scroll-bottom elementor-widget elementor-widget-text-editor\" data-id=\"80fe7d2\" data-element_type=\"widget\" data-e-type=\"widget\" data-widget_type=\"text-editor.default\">\n\t\t\t\t<div class=\"elementor-widget-container\">\n\t\t\t\t\t\t\t\t\t<p>LRC \u2013 LIVRO DE RECLAMA\u00c7\u00d5ES DO CONSUMIDOR.A Lei 16.074\/2016 torna obrigat\u00f3ria a exist\u00eancia e disponibiliza\u00e7\u00e3o do Livro de Reclama\u00e7\u00f5es ao dispor do consumidor em todos os estabelecimentos de fornecimento de bens ou presta\u00e7\u00e3o de servi\u00e7os que estejam sujeitos ao C\u00f3digo de Defesa do Consumidor, sediados no Estado do Cear\u00e1.Fa\u00e7a uma visita \u00e0 sede do\u00a0<strong>SINDILOJAS Fortaleza<\/strong>\u00a0ou entre em contato atrav\u00e9s do recepcao@sindilojasfor.org.br ou <a href=\"https:\/\/wa.me\/558534881177\" target=\"_blank\" rel=\"noopener\">(85) 3488-1177<\/a> \u2013 das 8h \u00e0s 17h para ter acesso ao seu Livro de Reclama\u00e7\u00f5es.<\/p>\t\t\t\t\t\t\t\t<\/div>\n\t\t\t\t<\/div>\n\t\t\t\t<\/div>\n\t\t\t\t\t<\/div>\n\t\t\t\t<\/div>\n\t\t<div class=\"elementor-element elementor-element-d4f746d e-flex e-con-boxed e-con e-parent\" data-id=\"d4f746d\" data-element_type=\"container\" data-e-type=\"container\">\n\t\t\t\t\t<div class=\"e-con-inner\">\n\t\t\t\t<div class=\"elementor-element elementor-element-122d09f elementor-widget elementor-widget-image\" data-id=\"122d09f\" data-element_type=\"widget\" data-e-type=\"widget\" data-widget_type=\"image.default\">\n\t\t\t\t<div class=\"elementor-widget-container\">\n\t\t\t\t\t\t\t\t\t\t\t\t\t\t\t<img decoding=\"async\" width=\"71\" height=\"71\" src=\"https:\/\/sindilojasfor.org.br\/web\/wp-content\/uploads\/2025\/05\/detalhe-xadrez.webp\" class=\"attachment-large size-large wp-image-128\" alt=\"\" \/>\t\t\t\t\t\t\t\t\t\t\t\t\t\t\t<\/div>\n\t\t\t\t<\/div>\n\t\t\t\t\t<\/div>\n\t\t\t\t<\/div>\n\t\t\t\t<\/div>\n\t\t","protected":false},"excerpt":{"rendered":"<p>LRC \u2013 LIVRO DE RECLAMA\u00c7\u00d5ES DO CONSUMIDOR.A Lei 16.074\/2016 torna obrigat\u00f3ria a exist\u00eancia e disponibiliza\u00e7\u00e3o do Livro de Reclama\u00e7\u00f5es ao dispor do consumidor em todos os estabelecimentos de fornecimento de bens ou presta\u00e7\u00e3o de servi\u00e7os que estejam sujeitos ao C\u00f3digo de Defesa do Consumidor, sediados no Estado do Cear\u00e1.Fa\u00e7a uma visita \u00e0 sede do\u00a0SINDILOJAS Fortaleza\u00a0ou [&hellip;]<\/p>\n","protected":false},"author":1,"featured_media":0,"parent":0,"menu_order":0,"comment_status":"closed","ping_status":"closed","template":"","meta":{"footnotes":""},"class_list":["post-9904","page","type-page","status-publish","hentry"],"yoast_head":"<!-- This site is optimized with the Yoast SEO plugin v27.3 - https:\/\/yoast.com\/product\/yoast-seo-wordpress\/ -->\n<title>Livro de Reclama\u00e7\u00f5es - Sindilojas Fortaleza<\/title>\n<meta name=\"robots\" content=\"index, follow, max-snippet:-1, max-image-preview:large, max-video-preview:-1\" \/>\n<link rel=\"canonical\" href=\"https:\/\/sindilojasfor.org.br\/web\/livro-de-reclamacoes\/\" \/>\n<meta property=\"og:locale\" content=\"pt_BR\" \/>\n<meta property=\"og:type\" content=\"article\" \/>\n<meta property=\"og:title\" content=\"Livro de Reclama\u00e7\u00f5es - Sindilojas Fortaleza\" \/>\n<meta property=\"og:description\" content=\"LRC \u2013 LIVRO DE RECLAMA\u00c7\u00d5ES DO CONSUMIDOR.A Lei 16.074\/2016 torna obrigat\u00f3ria a exist\u00eancia e disponibiliza\u00e7\u00e3o do Livro de Reclama\u00e7\u00f5es ao dispor do consumidor em todos os estabelecimentos de fornecimento de bens ou presta\u00e7\u00e3o de servi\u00e7os que estejam sujeitos ao C\u00f3digo de Defesa do Consumidor, sediados no Estado do Cear\u00e1.Fa\u00e7a uma visita \u00e0 sede do\u00a0SINDILOJAS Fortaleza\u00a0ou [&hellip;]\" \/>\n<meta property=\"og:url\" content=\"https:\/\/sindilojasfor.org.br\/web\/livro-de-reclamacoes\/\" \/>\n<meta property=\"og:site_name\" content=\"Sindilojas Fortaleza\" \/>\n<meta property=\"article:publisher\" content=\"https:\/\/www.facebook.com\/SindilojasFortaleza\" \/>\n<meta property=\"article:modified_time\" content=\"2025-08-11T14:12:46+00:00\" \/>\n<meta property=\"og:image\" content=\"https:\/\/sindilojasfor.org.br\/web\/wp-content\/uploads\/2025\/05\/detalhe-xadrez.webp\" \/>\n\t<meta property=\"og:image:width\" content=\"71\" \/>\n\t<meta property=\"og:image:height\" content=\"71\" \/>\n\t<meta property=\"og:image:type\" content=\"image\/webp\" \/>\n<meta name=\"twitter:card\" content=\"summary_large_image\" \/>\n<meta name=\"twitter:site\" content=\"@SindilojasFor\" \/>\n<meta name=\"twitter:label1\" content=\"Est. tempo de leitura\" \/>\n\t<meta name=\"twitter:data1\" content=\"2 minutos\" \/>\n<script type=\"application\/ld+json\" class=\"yoast-schema-graph\">{\"@context\":\"https:\\\/\\\/schema.org\",\"@graph\":[{\"@type\":\"WebPage\",\"@id\":\"https:\\\/\\\/sindilojasfor.org.br\\\/web\\\/livro-de-reclamacoes\\\/\",\"url\":\"https:\\\/\\\/sindilojasfor.org.br\\\/web\\\/livro-de-reclamacoes\\\/\",\"name\":\"Livro de Reclama\u00e7\u00f5es - Sindilojas Fortaleza\",\"isPartOf\":{\"@id\":\"https:\\\/\\\/sindilojasfor.org.br\\\/web\\\/#website\"},\"primaryImageOfPage\":{\"@id\":\"https:\\\/\\\/sindilojasfor.org.br\\\/web\\\/livro-de-reclamacoes\\\/#primaryimage\"},\"image\":{\"@id\":\"https:\\\/\\\/sindilojasfor.org.br\\\/web\\\/livro-de-reclamacoes\\\/#primaryimage\"},\"thumbnailUrl\":\"https:\\\/\\\/sindilojasfor.org.br\\\/web\\\/wp-content\\\/uploads\\\/2025\\\/05\\\/detalhe-xadrez.webp\",\"datePublished\":\"2025-05-02T21:05:29+00:00\",\"dateModified\":\"2025-08-11T14:12:46+00:00\",\"breadcrumb\":{\"@id\":\"https:\\\/\\\/sindilojasfor.org.br\\\/web\\\/livro-de-reclamacoes\\\/#breadcrumb\"},\"inLanguage\":\"pt-BR\",\"potentialAction\":[{\"@type\":\"ReadAction\",\"target\":[\"https:\\\/\\\/sindilojasfor.org.br\\\/web\\\/livro-de-reclamacoes\\\/\"]}]},{\"@type\":\"ImageObject\",\"inLanguage\":\"pt-BR\",\"@id\":\"https:\\\/\\\/sindilojasfor.org.br\\\/web\\\/livro-de-reclamacoes\\\/#primaryimage\",\"url\":\"https:\\\/\\\/sindilojasfor.org.br\\\/web\\\/wp-content\\\/uploads\\\/2025\\\/05\\\/detalhe-xadrez.webp\",\"contentUrl\":\"https:\\\/\\\/sindilojasfor.org.br\\\/web\\\/wp-content\\\/uploads\\\/2025\\\/05\\\/detalhe-xadrez.webp\",\"width\":71,\"height\":71},{\"@type\":\"BreadcrumbList\",\"@id\":\"https:\\\/\\\/sindilojasfor.org.br\\\/web\\\/livro-de-reclamacoes\\\/#breadcrumb\",\"itemListElement\":[{\"@type\":\"ListItem\",\"position\":1,\"name\":\"In\u00edcio\",\"item\":\"https:\\\/\\\/sindilojasfor.org.br\\\/web\\\/\"},{\"@type\":\"ListItem\",\"position\":2,\"name\":\"Livro de Reclama\u00e7\u00f5es\"}]},{\"@type\":\"WebSite\",\"@id\":\"https:\\\/\\\/sindilojasfor.org.br\\\/web\\\/#website\",\"url\":\"https:\\\/\\\/sindilojasfor.org.br\\\/web\\\/\",\"name\":\"Sindilojas Fortaleza\",\"description\":\"H\u00e1 91 anos, A Casa do Lojista\",\"publisher\":{\"@id\":\"https:\\\/\\\/sindilojasfor.org.br\\\/web\\\/#organization\"},\"potentialAction\":[{\"@type\":\"SearchAction\",\"target\":{\"@type\":\"EntryPoint\",\"urlTemplate\":\"https:\\\/\\\/sindilojasfor.org.br\\\/web\\\/?s={search_term_string}\"},\"query-input\":{\"@type\":\"PropertyValueSpecification\",\"valueRequired\":true,\"valueName\":\"search_term_string\"}}],\"inLanguage\":\"pt-BR\"},{\"@type\":\"Organization\",\"@id\":\"https:\\\/\\\/sindilojasfor.org.br\\\/web\\\/#organization\",\"name\":\"Sindilojas Fortaleza\",\"url\":\"https:\\\/\\\/sindilojasfor.org.br\\\/web\\\/\",\"logo\":{\"@type\":\"ImageObject\",\"inLanguage\":\"pt-BR\",\"@id\":\"https:\\\/\\\/sindilojasfor.org.br\\\/web\\\/#\\\/schema\\\/logo\\\/image\\\/\",\"url\":\"https:\\\/\\\/sindilojasfor.org.br\\\/web\\\/wp-content\\\/uploads\\\/2025\\\/03\\\/logo.png\",\"contentUrl\":\"https:\\\/\\\/sindilojasfor.org.br\\\/web\\\/wp-content\\\/uploads\\\/2025\\\/03\\\/logo.png\",\"width\":750,\"height\":333,\"caption\":\"Sindilojas Fortaleza\"},\"image\":{\"@id\":\"https:\\\/\\\/sindilojasfor.org.br\\\/web\\\/#\\\/schema\\\/logo\\\/image\\\/\"},\"sameAs\":[\"https:\\\/\\\/www.facebook.com\\\/SindilojasFortaleza\",\"https:\\\/\\\/x.com\\\/SindilojasFor\",\"https:\\\/\\\/www.instagram.com\\\/SindilojasFor\",\"https:\\\/\\\/www.linkedin.com\\\/in\\\/gerencia-fortaleza-45093a46\\\/\",\"https:\\\/\\\/t.me\\\/sindilojasfortaleza\",\"https:\\\/\\\/www.youtube.com\\\/channel\\\/UCQOowPrNcYoeFMK58ZrCxDQ\"]}]}<\/script>\n<!-- \/ Yoast SEO plugin. -->","yoast_head_json":{"title":"Livro de Reclama\u00e7\u00f5es - Sindilojas Fortaleza","robots":{"index":"index","follow":"follow","max-snippet":"max-snippet:-1","max-image-preview":"max-image-preview:large","max-video-preview":"max-video-preview:-1"},"canonical":"https:\/\/sindilojasfor.org.br\/web\/livro-de-reclamacoes\/","og_locale":"pt_BR","og_type":"article","og_title":"Livro de Reclama\u00e7\u00f5es - Sindilojas Fortaleza","og_description":"LRC \u2013 LIVRO DE RECLAMA\u00c7\u00d5ES DO CONSUMIDOR.A Lei 16.074\/2016 torna obrigat\u00f3ria a exist\u00eancia e disponibiliza\u00e7\u00e3o do Livro de Reclama\u00e7\u00f5es ao dispor do consumidor em todos os estabelecimentos de fornecimento de bens ou presta\u00e7\u00e3o de servi\u00e7os que estejam sujeitos ao C\u00f3digo de Defesa do Consumidor, sediados no Estado do Cear\u00e1.Fa\u00e7a uma visita \u00e0 sede do\u00a0SINDILOJAS Fortaleza\u00a0ou [&hellip;]","og_url":"https:\/\/sindilojasfor.org.br\/web\/livro-de-reclamacoes\/","og_site_name":"Sindilojas Fortaleza","article_publisher":"https:\/\/www.facebook.com\/SindilojasFortaleza","article_modified_time":"2025-08-11T14:12:46+00:00","og_image":[{"width":71,"height":71,"url":"https:\/\/sindilojasfor.org.br\/web\/wp-content\/uploads\/2025\/05\/detalhe-xadrez.webp","type":"image\/webp"}],"twitter_card":"summary_large_image","twitter_site":"@SindilojasFor","twitter_misc":{"Est. tempo de leitura":"2 minutos"},"schema":{"@context":"https:\/\/schema.org","@graph":[{"@type":"WebPage","@id":"https:\/\/sindilojasfor.org.br\/web\/livro-de-reclamacoes\/","url":"https:\/\/sindilojasfor.org.br\/web\/livro-de-reclamacoes\/","name":"Livro de Reclama\u00e7\u00f5es - Sindilojas Fortaleza","isPartOf":{"@id":"https:\/\/sindilojasfor.org.br\/web\/#website"},"primaryImageOfPage":{"@id":"https:\/\/sindilojasfor.org.br\/web\/livro-de-reclamacoes\/#primaryimage"},"image":{"@id":"https:\/\/sindilojasfor.org.br\/web\/livro-de-reclamacoes\/#primaryimage"},"thumbnailUrl":"https:\/\/sindilojasfor.org.br\/web\/wp-content\/uploads\/2025\/05\/detalhe-xadrez.webp","datePublished":"2025-05-02T21:05:29+00:00","dateModified":"2025-08-11T14:12:46+00:00","breadcrumb":{"@id":"https:\/\/sindilojasfor.org.br\/web\/livro-de-reclamacoes\/#breadcrumb"},"inLanguage":"pt-BR","potentialAction":[{"@type":"ReadAction","target":["https:\/\/sindilojasfor.org.br\/web\/livro-de-reclamacoes\/"]}]},{"@type":"ImageObject","inLanguage":"pt-BR","@id":"https:\/\/sindilojasfor.org.br\/web\/livro-de-reclamacoes\/#primaryimage","url":"https:\/\/sindilojasfor.org.br\/web\/wp-content\/uploads\/2025\/05\/detalhe-xadrez.webp","contentUrl":"https:\/\/sindilojasfor.org.br\/web\/wp-content\/uploads\/2025\/05\/detalhe-xadrez.webp","width":71,"height":71},{"@type":"BreadcrumbList","@id":"https:\/\/sindilojasfor.org.br\/web\/livro-de-reclamacoes\/#breadcrumb","itemListElement":[{"@type":"ListItem","position":1,"name":"In\u00edcio","item":"https:\/\/sindilojasfor.org.br\/web\/"},{"@type":"ListItem","position":2,"name":"Livro de Reclama\u00e7\u00f5es"}]},{"@type":"WebSite","@id":"https:\/\/sindilojasfor.org.br\/web\/#website","url":"https:\/\/sindilojasfor.org.br\/web\/","name":"Sindilojas Fortaleza","description":"H\u00e1 91 anos, A Casa do Lojista","publisher":{"@id":"https:\/\/sindilojasfor.org.br\/web\/#organization"},"potentialAction":[{"@type":"SearchAction","target":{"@type":"EntryPoint","urlTemplate":"https:\/\/sindilojasfor.org.br\/web\/?s={search_term_string}"},"query-input":{"@type":"PropertyValueSpecification","valueRequired":true,"valueName":"search_term_string"}}],"inLanguage":"pt-BR"},{"@type":"Organization","@id":"https:\/\/sindilojasfor.org.br\/web\/#organization","name":"Sindilojas Fortaleza","url":"https:\/\/sindilojasfor.org.br\/web\/","logo":{"@type":"ImageObject","inLanguage":"pt-BR","@id":"https:\/\/sindilojasfor.org.br\/web\/#\/schema\/logo\/image\/","url":"https:\/\/sindilojasfor.org.br\/web\/wp-content\/uploads\/2025\/03\/logo.png","contentUrl":"https:\/\/sindilojasfor.org.br\/web\/wp-content\/uploads\/2025\/03\/logo.png","width":750,"height":333,"caption":"Sindilojas Fortaleza"},"image":{"@id":"https:\/\/sindilojasfor.org.br\/web\/#\/schema\/logo\/image\/"},"sameAs":["https:\/\/www.facebook.com\/SindilojasFortaleza","https:\/\/x.com\/SindilojasFor","https:\/\/www.instagram.com\/SindilojasFor","https:\/\/www.linkedin.com\/in\/gerencia-fortaleza-45093a46\/","https:\/\/t.me\/sindilojasfortaleza","https:\/\/www.youtube.com\/channel\/UCQOowPrNcYoeFMK58ZrCxDQ"]}]}},"_links":{"self":[{"href":"https:\/\/sindilojasfor.org.br\/web\/wp-json\/wp\/v2\/pages\/9904","targetHints":{"allow":["GET"]}}],"collection":[{"href":"https:\/\/sindilojasfor.org.br\/web\/wp-json\/wp\/v2\/pages"}],"about":[{"href":"https:\/\/sindilojasfor.org.br\/web\/wp-json\/wp\/v2\/types\/page"}],"author":[{"embeddable":true,"href":"https:\/\/sindilojasfor.org.br\/web\/wp-json\/wp\/v2\/users\/1"}],"replies":[{"embeddable":true,"href":"https:\/\/sindilojasfor.org.br\/web\/wp-json\/wp\/v2\/comments?post=9904"}],"version-history":[{"count":10,"href":"https:\/\/sindilojasfor.org.br\/web\/wp-json\/wp\/v2\/pages\/9904\/revisions"}],"predecessor-version":[{"id":18036,"href":"https:\/\/sindilojasfor.org.br\/web\/wp-json\/wp\/v2\/pages\/9904\/revisions\/18036"}],"wp:attachment":[{"href":"https:\/\/sindilojasfor.org.br\/web\/wp-json\/wp\/v2\/media?parent=9904"}],"curies":[{"name":"wp","href":"https:\/\/api.w.org\/{rel}","templated":true}]}}