{"id":9886,"date":"2025-05-02T21:01:44","date_gmt":"2025-05-02T21:01:44","guid":{"rendered":"https:\/\/danielfarias.com.br\/sindilojas-temp\/?page_id=9886"},"modified":"2026-03-23T19:16:58","modified_gmt":"2026-03-23T19:16:58","slug":"diretoria-sindimac","status":"publish","type":"page","link":"https:\/\/sindilojasfor.org.br\/web\/diretoria-sindimac\/","title":{"rendered":"Diretoria Sindimac"},"content":{"rendered":"\t\t<div data-elementor-type=\"wp-page\" data-elementor-id=\"9886\" class=\"elementor elementor-9886\" data-elementor-post-type=\"page\">\n\t\t\t\t<div class=\"elementor-element elementor-element-deeb9c5 e-flex e-con-boxed e-con e-parent\" data-id=\"deeb9c5\" data-element_type=\"container\" data-e-type=\"container\" data-settings=\"{&quot;background_background&quot;:&quot;classic&quot;}\">\n\t\t\t\t\t<div class=\"e-con-inner\">\n\t\t\t\t<div class=\"elementor-element elementor-element-d550846 scroll-bottom elementor-widget elementor-widget-heading\" data-id=\"d550846\" data-element_type=\"widget\" data-e-type=\"widget\" data-widget_type=\"heading.default\">\n\t\t\t\t<div class=\"elementor-widget-container\">\n\t\t\t\t\t<h2 class=\"elementor-heading-title elementor-size-default\">Diretoria Sindimac - Gest\u00e3o 2026\/2030<\/h2>\t\t\t\t<\/div>\n\t\t\t\t<\/div>\n\t\t\t\t\t<\/div>\n\t\t\t\t<\/div>\n\t\t<div class=\"elementor-element elementor-element-0424350 e-flex e-con-boxed e-con e-parent\" data-id=\"0424350\" data-element_type=\"container\" data-e-type=\"container\">\n\t\t\t\t\t<div class=\"e-con-inner\">\n\t\t\t\t<div class=\"elementor-element elementor-element-5bb5a21 elementor-widget elementor-widget-image\" data-id=\"5bb5a21\" data-element_type=\"widget\" data-e-type=\"widget\" data-widget_type=\"image.default\">\n\t\t\t\t<div class=\"elementor-widget-container\">\n\t\t\t\t\t\t\t\t\t\t\t\t\t\t\t<img decoding=\"async\" width=\"71\" height=\"71\" src=\"https:\/\/sindilojasfor.org.br\/web\/wp-content\/uploads\/2025\/05\/detalhe-xadrez.webp\" class=\"attachment-large size-large wp-image-128\" alt=\"\" \/>\t\t\t\t\t\t\t\t\t\t\t\t\t\t\t<\/div>\n\t\t\t\t<\/div>\n\t\t\t\t\t<\/div>\n\t\t\t\t<\/div>\n\t\t<div class=\"elementor-element elementor-element-9c58699 e-flex e-con-boxed e-con e-parent\" data-id=\"9c58699\" data-element_type=\"container\" data-e-type=\"container\">\n\t\t\t\t\t<div class=\"e-con-inner\">\n\t\t\t\t<div class=\"elementor-element elementor-element-034ac92 elementor-widget__width-initial scroll-bottom elementor-position-top elementor-widget elementor-widget-image-box\" data-id=\"034ac92\" data-element_type=\"widget\" data-e-type=\"widget\" data-widget_type=\"image-box.default\">\n\t\t\t\t<div class=\"elementor-widget-container\">\n\t\t\t\t\t<div class=\"elementor-image-box-wrapper\"><figure class=\"elementor-image-box-img\"><img fetchpriority=\"high\" decoding=\"async\" width=\"768\" height=\"1024\" src=\"https:\/\/sindilojasfor.org.br\/web\/wp-content\/uploads\/2025\/05\/asset-9.jpeg\" class=\"attachment-full size-full wp-image-10334\" alt=\"\" srcset=\"https:\/\/sindilojasfor.org.br\/web\/wp-content\/uploads\/2025\/05\/asset-9.jpeg 768w, https:\/\/sindilojasfor.org.br\/web\/wp-content\/uploads\/2025\/05\/asset-9-225x300.jpeg 225w\" sizes=\"(max-width: 768px) 100vw, 768px\" \/><\/figure><div class=\"elementor-image-box-content\"><h3 class=\"elementor-image-box-title\">Igor Jos\u00e9 Macedo Alves<\/h3><p class=\"elementor-image-box-description\">Presidente<\/p><\/div><\/div>\t\t\t\t<\/div>\n\t\t\t\t<\/div>\n\t\t\t\t<div class=\"elementor-element elementor-element-e9e730e elementor-widget__width-initial scroll-bottom elementor-position-top elementor-widget elementor-widget-image-box\" data-id=\"e9e730e\" data-element_type=\"widget\" data-e-type=\"widget\" data-widget_type=\"image-box.default\">\n\t\t\t\t<div class=\"elementor-widget-container\">\n\t\t\t\t\t<div class=\"elementor-image-box-wrapper\"><figure class=\"elementor-image-box-img\"><img decoding=\"async\" width=\"768\" height=\"1024\" src=\"https:\/\/sindilojasfor.org.br\/web\/wp-content\/uploads\/2025\/05\/asset-4-1.jpeg\" class=\"attachment-full size-full wp-image-10329\" alt=\"\" srcset=\"https:\/\/sindilojasfor.org.br\/web\/wp-content\/uploads\/2025\/05\/asset-4-1.jpeg 768w, https:\/\/sindilojasfor.org.br\/web\/wp-content\/uploads\/2025\/05\/asset-4-1-225x300.jpeg 225w\" sizes=\"(max-width: 768px) 100vw, 768px\" \/><\/figure><div class=\"elementor-image-box-content\"><h3 class=\"elementor-image-box-title\">R\u00f4mulo Loureiro de Brito<\/h3><p class=\"elementor-image-box-description\">Vice-Presidente<\/p><\/div><\/div>\t\t\t\t<\/div>\n\t\t\t\t<\/div>\n\t\t\t\t<div class=\"elementor-element elementor-element-bdc0c6a elementor-widget__width-initial scroll-bottom elementor-position-top elementor-widget elementor-widget-image-box\" data-id=\"bdc0c6a\" data-element_type=\"widget\" data-e-type=\"widget\" data-widget_type=\"image-box.default\">\n\t\t\t\t<div class=\"elementor-widget-container\">\n\t\t\t\t\t<div class=\"elementor-image-box-wrapper\"><figure class=\"elementor-image-box-img\"><img loading=\"lazy\" decoding=\"async\" width=\"1500\" height=\"2000\" src=\"https:\/\/sindilojasfor.org.br\/web\/wp-content\/uploads\/2026\/02\/9.png\" class=\"attachment-full size-full wp-image-18968\" alt=\"\" srcset=\"https:\/\/sindilojasfor.org.br\/web\/wp-content\/uploads\/2026\/02\/9.png 1500w, https:\/\/sindilojasfor.org.br\/web\/wp-content\/uploads\/2026\/02\/9-225x300.png 225w, https:\/\/sindilojasfor.org.br\/web\/wp-content\/uploads\/2026\/02\/9-768x1024.png 768w, https:\/\/sindilojasfor.org.br\/web\/wp-content\/uploads\/2026\/02\/9-1152x1536.png 1152w\" sizes=\"(max-width: 1500px) 100vw, 1500px\" \/><\/figure><div class=\"elementor-image-box-content\"><h3 class=\"elementor-image-box-title\">Jos\u00e9 Cid Sousa Alves do Nascimento<\/h3><p class=\"elementor-image-box-description\">Diretor Administrativo \/ Delegado Representante junto \u00e0 Fecom\u00e9rcio\/CE<\/p><\/div><\/div>\t\t\t\t<\/div>\n\t\t\t\t<\/div>\n\t\t\t\t<div class=\"elementor-element elementor-element-1efe8e9 elementor-widget__width-initial scroll-bottom elementor-position-top elementor-widget elementor-widget-image-box\" data-id=\"1efe8e9\" data-element_type=\"widget\" data-e-type=\"widget\" data-widget_type=\"image-box.default\">\n\t\t\t\t<div class=\"elementor-widget-container\">\n\t\t\t\t\t<div class=\"elementor-image-box-wrapper\"><figure class=\"elementor-image-box-img\"><img loading=\"lazy\" decoding=\"async\" width=\"768\" height=\"1024\" src=\"https:\/\/sindilojasfor.org.br\/web\/wp-content\/uploads\/2025\/05\/asset-8.jpeg\" class=\"attachment-full size-full wp-image-10333\" alt=\"\" srcset=\"https:\/\/sindilojasfor.org.br\/web\/wp-content\/uploads\/2025\/05\/asset-8.jpeg 768w, https:\/\/sindilojasfor.org.br\/web\/wp-content\/uploads\/2025\/05\/asset-8-225x300.jpeg 225w\" sizes=\"(max-width: 768px) 100vw, 768px\" \/><\/figure><div class=\"elementor-image-box-content\"><h3 class=\"elementor-image-box-title\">Pedro Paulo Tavares Vale<\/h3><p class=\"elementor-image-box-description\">Diretor Financeiro<\/p><\/div><\/div>\t\t\t\t<\/div>\n\t\t\t\t<\/div>\n\t\t\t\t<div class=\"elementor-element elementor-element-9531b86 elementor-widget__width-initial scroll-bottom elementor-position-top elementor-widget elementor-widget-image-box\" data-id=\"9531b86\" data-element_type=\"widget\" data-e-type=\"widget\" data-widget_type=\"image-box.default\">\n\t\t\t\t<div class=\"elementor-widget-container\">\n\t\t\t\t\t<div class=\"elementor-image-box-wrapper\"><figure class=\"elementor-image-box-img\"><img loading=\"lazy\" decoding=\"async\" width=\"768\" height=\"1024\" src=\"https:\/\/sindilojasfor.org.br\/web\/wp-content\/uploads\/2025\/05\/asset-10.jpeg\" class=\"attachment-full size-full wp-image-10335\" alt=\"\" srcset=\"https:\/\/sindilojasfor.org.br\/web\/wp-content\/uploads\/2025\/05\/asset-10.jpeg 768w, https:\/\/sindilojasfor.org.br\/web\/wp-content\/uploads\/2025\/05\/asset-10-225x300.jpeg 225w\" sizes=\"(max-width: 768px) 100vw, 768px\" \/><\/figure><div class=\"elementor-image-box-content\"><h3 class=\"elementor-image-box-title\">Lavanery Campos Wanderley<\/h3><p class=\"elementor-image-box-description\">Diretor<\/p><\/div><\/div>\t\t\t\t<\/div>\n\t\t\t\t<\/div>\n\t\t\t\t<div class=\"elementor-element elementor-element-694cf9c elementor-widget__width-initial scroll-bottom elementor-position-top elementor-widget elementor-widget-image-box\" data-id=\"694cf9c\" data-element_type=\"widget\" data-e-type=\"widget\" data-widget_type=\"image-box.default\">\n\t\t\t\t<div class=\"elementor-widget-container\">\n\t\t\t\t\t<div class=\"elementor-image-box-wrapper\"><figure class=\"elementor-image-box-img\"><img loading=\"lazy\" decoding=\"async\" width=\"768\" height=\"1024\" src=\"https:\/\/sindilojasfor.org.br\/web\/wp-content\/uploads\/2025\/05\/asset-3-1.jpeg\" class=\"attachment-full size-full wp-image-10328\" alt=\"\" srcset=\"https:\/\/sindilojasfor.org.br\/web\/wp-content\/uploads\/2025\/05\/asset-3-1.jpeg 768w, https:\/\/sindilojasfor.org.br\/web\/wp-content\/uploads\/2025\/05\/asset-3-1-225x300.jpeg 225w\" sizes=\"(max-width: 768px) 100vw, 768px\" \/><\/figure><div class=\"elementor-image-box-content\"><h3 class=\"elementor-image-box-title\">Francisco Potiguara da Frota<\/h3><p class=\"elementor-image-box-description\">Diretor<\/p><\/div><\/div>\t\t\t\t<\/div>\n\t\t\t\t<\/div>\n\t\t\t\t<div class=\"elementor-element elementor-element-62bc76a elementor-widget__width-initial scroll-bottom elementor-position-top elementor-widget elementor-widget-image-box\" data-id=\"62bc76a\" data-element_type=\"widget\" data-e-type=\"widget\" data-widget_type=\"image-box.default\">\n\t\t\t\t<div class=\"elementor-widget-container\">\n\t\t\t\t\t<div class=\"elementor-image-box-wrapper\"><figure class=\"elementor-image-box-img\"><img loading=\"lazy\" decoding=\"async\" width=\"768\" height=\"1024\" src=\"https:\/\/sindilojasfor.org.br\/web\/wp-content\/uploads\/2025\/05\/asset-5-1.jpeg\" class=\"attachment-full size-full wp-image-10330\" alt=\"\" srcset=\"https:\/\/sindilojasfor.org.br\/web\/wp-content\/uploads\/2025\/05\/asset-5-1.jpeg 768w, https:\/\/sindilojasfor.org.br\/web\/wp-content\/uploads\/2025\/05\/asset-5-1-225x300.jpeg 225w\" sizes=\"(max-width: 768px) 100vw, 768px\" \/><\/figure><div class=\"elementor-image-box-content\"><h3 class=\"elementor-image-box-title\">Ant\u00f4nio Jos\u00e9 de Freitas Mello<\/h3><p class=\"elementor-image-box-description\">Presidente Conselho Fiscal<\/p><\/div><\/div>\t\t\t\t<\/div>\n\t\t\t\t<\/div>\n\t\t\t\t<div class=\"elementor-element elementor-element-849f68f elementor-widget__width-initial scroll-bottom elementor-position-top elementor-widget elementor-widget-image-box\" data-id=\"849f68f\" data-element_type=\"widget\" data-e-type=\"widget\" data-widget_type=\"image-box.default\">\n\t\t\t\t<div class=\"elementor-widget-container\">\n\t\t\t\t\t<div class=\"elementor-image-box-wrapper\"><figure class=\"elementor-image-box-img\"><img loading=\"lazy\" decoding=\"async\" width=\"768\" height=\"1024\" src=\"https:\/\/sindilojasfor.org.br\/web\/wp-content\/uploads\/2025\/05\/asset-7-1.jpeg\" class=\"attachment-full size-full wp-image-10332\" alt=\"\" srcset=\"https:\/\/sindilojasfor.org.br\/web\/wp-content\/uploads\/2025\/05\/asset-7-1.jpeg 768w, https:\/\/sindilojasfor.org.br\/web\/wp-content\/uploads\/2025\/05\/asset-7-1-225x300.jpeg 225w\" sizes=\"(max-width: 768px) 100vw, 768px\" \/><\/figure><div class=\"elementor-image-box-content\"><h3 class=\"elementor-image-box-title\">Pedro Fontenelle Catrib<\/h3><p class=\"elementor-image-box-description\">Conselho Fiscal \/ Delegado Representante junto \u00e0 Fecom\u00e9rcio\/CE<\/p><\/div><\/div>\t\t\t\t<\/div>\n\t\t\t\t<\/div>\n\t\t\t\t<div class=\"elementor-element elementor-element-df10286 elementor-widget__width-initial scroll-bottom elementor-position-top elementor-widget elementor-widget-image-box\" data-id=\"df10286\" data-element_type=\"widget\" data-e-type=\"widget\" data-widget_type=\"image-box.default\">\n\t\t\t\t<div class=\"elementor-widget-container\">\n\t\t\t\t\t<div class=\"elementor-image-box-wrapper\"><figure class=\"elementor-image-box-img\"><img loading=\"lazy\" decoding=\"async\" width=\"768\" height=\"1024\" src=\"https:\/\/sindilojasfor.org.br\/web\/wp-content\/uploads\/2025\/05\/asset-11.jpeg\" class=\"attachment-full size-full wp-image-10336\" alt=\"\" srcset=\"https:\/\/sindilojasfor.org.br\/web\/wp-content\/uploads\/2025\/05\/asset-11.jpeg 768w, https:\/\/sindilojasfor.org.br\/web\/wp-content\/uploads\/2025\/05\/asset-11-225x300.jpeg 225w\" sizes=\"(max-width: 768px) 100vw, 768px\" \/><\/figure><div class=\"elementor-image-box-content\"><h3 class=\"elementor-image-box-title\">Eduardo Alves Dias Neto<\/h3><p class=\"elementor-image-box-description\">Conselho Fiscal \/ Delegado Representante junto \u00e0 Fecom\u00e9rcio\/CE<\/p><\/div><\/div>\t\t\t\t<\/div>\n\t\t\t\t<\/div>\n\t\t\t\t<div class=\"elementor-element elementor-element-9b3ee98 elementor-widget__width-initial scroll-bottom elementor-position-top elementor-widget elementor-widget-image-box\" data-id=\"9b3ee98\" data-element_type=\"widget\" data-e-type=\"widget\" data-widget_type=\"image-box.default\">\n\t\t\t\t<div class=\"elementor-widget-container\">\n\t\t\t\t\t<div class=\"elementor-image-box-wrapper\"><figure class=\"elementor-image-box-img\"><img loading=\"lazy\" decoding=\"async\" width=\"768\" height=\"1024\" src=\"https:\/\/sindilojasfor.org.br\/web\/wp-content\/uploads\/2025\/05\/asset-6-1.jpeg\" class=\"attachment-full size-full wp-image-10331\" alt=\"\" srcset=\"https:\/\/sindilojasfor.org.br\/web\/wp-content\/uploads\/2025\/05\/asset-6-1.jpeg 768w, https:\/\/sindilojasfor.org.br\/web\/wp-content\/uploads\/2025\/05\/asset-6-1-225x300.jpeg 225w\" sizes=\"(max-width: 768px) 100vw, 768px\" \/><\/figure><div class=\"elementor-image-box-content\"><h3 class=\"elementor-image-box-title\">Jos\u00e9 Raimundo Sobrinho<\/h3><p class=\"elementor-image-box-description\">Conselho Fiscal<\/p><\/div><\/div>\t\t\t\t<\/div>\n\t\t\t\t<\/div>\n\t\t\t\t\t<\/div>\n\t\t\t\t<\/div>\n\t\t<div class=\"elementor-element elementor-element-ff9d66e e-flex e-con-boxed e-con e-parent\" data-id=\"ff9d66e\" data-element_type=\"container\" data-e-type=\"container\">\n\t\t\t\t\t<div class=\"e-con-inner\">\n\t\t\t\t<div class=\"elementor-element elementor-element-2d9c9ea elementor-widget elementor-widget-image\" data-id=\"2d9c9ea\" data-element_type=\"widget\" data-e-type=\"widget\" data-widget_type=\"image.default\">\n\t\t\t\t<div class=\"elementor-widget-container\">\n\t\t\t\t\t\t\t\t\t\t\t\t\t\t\t<img decoding=\"async\" width=\"71\" height=\"71\" src=\"https:\/\/sindilojasfor.org.br\/web\/wp-content\/uploads\/2025\/05\/detalhe-xadrez.webp\" class=\"attachment-large size-large wp-image-128\" alt=\"\" \/>\t\t\t\t\t\t\t\t\t\t\t\t\t\t\t<\/div>\n\t\t\t\t<\/div>\n\t\t\t\t\t<\/div>\n\t\t\t\t<\/div>\n\t\t\t\t<\/div>\n\t\t","protected":false},"excerpt":{"rendered":"<p>Diretoria Sindimac &#8211; Gest\u00e3o 2026\/2030 Igor Jos\u00e9 Macedo Alves Presidente R\u00f4mulo Loureiro de Brito Vice-Presidente Jos\u00e9 Cid Sousa Alves do Nascimento Diretor Administrativo \/ Delegado Representante junto \u00e0 Fecom\u00e9rcio\/CE Pedro Paulo Tavares Vale Diretor Financeiro Lavanery Campos Wanderley Diretor Francisco Potiguara da Frota Diretor Ant\u00f4nio Jos\u00e9 de Freitas Mello Presidente Conselho Fiscal Pedro Fontenelle Catrib [&hellip;]<\/p>\n","protected":false},"author":1,"featured_media":0,"parent":0,"menu_order":0,"comment_status":"closed","ping_status":"closed","template":"","meta":{"footnotes":""},"class_list":["post-9886","page","type-page","status-publish","hentry"],"yoast_head":"<!-- This site is optimized with the Yoast SEO plugin v27.3 - https:\/\/yoast.com\/product\/yoast-seo-wordpress\/ -->\n<title>Diretoria Sindimac - Sindilojas Fortaleza<\/title>\n<meta name=\"robots\" content=\"index, follow, max-snippet:-1, max-image-preview:large, max-video-preview:-1\" \/>\n<link rel=\"canonical\" href=\"https:\/\/sindilojasfor.org.br\/web\/diretoria-sindimac\/\" \/>\n<meta property=\"og:locale\" content=\"pt_BR\" \/>\n<meta property=\"og:type\" content=\"article\" \/>\n<meta property=\"og:title\" content=\"Diretoria Sindimac - Sindilojas Fortaleza\" \/>\n<meta property=\"og:description\" content=\"Diretoria Sindimac &#8211; Gest\u00e3o 2026\/2030 Igor Jos\u00e9 Macedo Alves Presidente R\u00f4mulo Loureiro de Brito Vice-Presidente Jos\u00e9 Cid Sousa Alves do Nascimento Diretor Administrativo \/ Delegado Representante junto \u00e0 Fecom\u00e9rcio\/CE Pedro Paulo Tavares Vale Diretor Financeiro Lavanery Campos Wanderley Diretor Francisco Potiguara da Frota Diretor Ant\u00f4nio Jos\u00e9 de Freitas Mello Presidente Conselho Fiscal Pedro Fontenelle Catrib [&hellip;]\" \/>\n<meta property=\"og:url\" content=\"https:\/\/sindilojasfor.org.br\/web\/diretoria-sindimac\/\" \/>\n<meta property=\"og:site_name\" content=\"Sindilojas Fortaleza\" \/>\n<meta property=\"article:publisher\" content=\"https:\/\/www.facebook.com\/SindilojasFortaleza\" \/>\n<meta property=\"article:modified_time\" content=\"2026-03-23T19:16:58+00:00\" \/>\n<meta property=\"og:image\" content=\"https:\/\/sindilojasfor.org.br\/web\/wp-content\/uploads\/2025\/05\/detalhe-xadrez.webp\" \/>\n\t<meta property=\"og:image:width\" content=\"71\" \/>\n\t<meta property=\"og:image:height\" content=\"71\" \/>\n\t<meta property=\"og:image:type\" content=\"image\/webp\" \/>\n<meta name=\"twitter:card\" content=\"summary_large_image\" \/>\n<meta name=\"twitter:site\" content=\"@SindilojasFor\" \/>\n<meta name=\"twitter:label1\" content=\"Est. tempo de leitura\" \/>\n\t<meta name=\"twitter:data1\" content=\"3 minutos\" \/>\n<script type=\"application\/ld+json\" class=\"yoast-schema-graph\">{\"@context\":\"https:\\\/\\\/schema.org\",\"@graph\":[{\"@type\":\"WebPage\",\"@id\":\"https:\\\/\\\/sindilojasfor.org.br\\\/web\\\/diretoria-sindimac\\\/\",\"url\":\"https:\\\/\\\/sindilojasfor.org.br\\\/web\\\/diretoria-sindimac\\\/\",\"name\":\"Diretoria Sindimac - Sindilojas Fortaleza\",\"isPartOf\":{\"@id\":\"https:\\\/\\\/sindilojasfor.org.br\\\/web\\\/#website\"},\"primaryImageOfPage\":{\"@id\":\"https:\\\/\\\/sindilojasfor.org.br\\\/web\\\/diretoria-sindimac\\\/#primaryimage\"},\"image\":{\"@id\":\"https:\\\/\\\/sindilojasfor.org.br\\\/web\\\/diretoria-sindimac\\\/#primaryimage\"},\"thumbnailUrl\":\"https:\\\/\\\/sindilojasfor.org.br\\\/web\\\/wp-content\\\/uploads\\\/2025\\\/05\\\/detalhe-xadrez.webp\",\"datePublished\":\"2025-05-02T21:01:44+00:00\",\"dateModified\":\"2026-03-23T19:16:58+00:00\",\"breadcrumb\":{\"@id\":\"https:\\\/\\\/sindilojasfor.org.br\\\/web\\\/diretoria-sindimac\\\/#breadcrumb\"},\"inLanguage\":\"pt-BR\",\"potentialAction\":[{\"@type\":\"ReadAction\",\"target\":[\"https:\\\/\\\/sindilojasfor.org.br\\\/web\\\/diretoria-sindimac\\\/\"]}]},{\"@type\":\"ImageObject\",\"inLanguage\":\"pt-BR\",\"@id\":\"https:\\\/\\\/sindilojasfor.org.br\\\/web\\\/diretoria-sindimac\\\/#primaryimage\",\"url\":\"https:\\\/\\\/sindilojasfor.org.br\\\/web\\\/wp-content\\\/uploads\\\/2025\\\/05\\\/detalhe-xadrez.webp\",\"contentUrl\":\"https:\\\/\\\/sindilojasfor.org.br\\\/web\\\/wp-content\\\/uploads\\\/2025\\\/05\\\/detalhe-xadrez.webp\",\"width\":71,\"height\":71},{\"@type\":\"BreadcrumbList\",\"@id\":\"https:\\\/\\\/sindilojasfor.org.br\\\/web\\\/diretoria-sindimac\\\/#breadcrumb\",\"itemListElement\":[{\"@type\":\"ListItem\",\"position\":1,\"name\":\"In\u00edcio\",\"item\":\"https:\\\/\\\/sindilojasfor.org.br\\\/web\\\/\"},{\"@type\":\"ListItem\",\"position\":2,\"name\":\"Diretoria Sindimac\"}]},{\"@type\":\"WebSite\",\"@id\":\"https:\\\/\\\/sindilojasfor.org.br\\\/web\\\/#website\",\"url\":\"https:\\\/\\\/sindilojasfor.org.br\\\/web\\\/\",\"name\":\"Sindilojas Fortaleza\",\"description\":\"H\u00e1 91 anos, A Casa do Lojista\",\"publisher\":{\"@id\":\"https:\\\/\\\/sindilojasfor.org.br\\\/web\\\/#organization\"},\"potentialAction\":[{\"@type\":\"SearchAction\",\"target\":{\"@type\":\"EntryPoint\",\"urlTemplate\":\"https:\\\/\\\/sindilojasfor.org.br\\\/web\\\/?s={search_term_string}\"},\"query-input\":{\"@type\":\"PropertyValueSpecification\",\"valueRequired\":true,\"valueName\":\"search_term_string\"}}],\"inLanguage\":\"pt-BR\"},{\"@type\":\"Organization\",\"@id\":\"https:\\\/\\\/sindilojasfor.org.br\\\/web\\\/#organization\",\"name\":\"Sindilojas Fortaleza\",\"url\":\"https:\\\/\\\/sindilojasfor.org.br\\\/web\\\/\",\"logo\":{\"@type\":\"ImageObject\",\"inLanguage\":\"pt-BR\",\"@id\":\"https:\\\/\\\/sindilojasfor.org.br\\\/web\\\/#\\\/schema\\\/logo\\\/image\\\/\",\"url\":\"https:\\\/\\\/sindilojasfor.org.br\\\/web\\\/wp-content\\\/uploads\\\/2025\\\/03\\\/logo.png\",\"contentUrl\":\"https:\\\/\\\/sindilojasfor.org.br\\\/web\\\/wp-content\\\/uploads\\\/2025\\\/03\\\/logo.png\",\"width\":750,\"height\":333,\"caption\":\"Sindilojas Fortaleza\"},\"image\":{\"@id\":\"https:\\\/\\\/sindilojasfor.org.br\\\/web\\\/#\\\/schema\\\/logo\\\/image\\\/\"},\"sameAs\":[\"https:\\\/\\\/www.facebook.com\\\/SindilojasFortaleza\",\"https:\\\/\\\/x.com\\\/SindilojasFor\",\"https:\\\/\\\/www.instagram.com\\\/SindilojasFor\",\"https:\\\/\\\/www.linkedin.com\\\/in\\\/gerencia-fortaleza-45093a46\\\/\",\"https:\\\/\\\/t.me\\\/sindilojasfortaleza\",\"https:\\\/\\\/www.youtube.com\\\/channel\\\/UCQOowPrNcYoeFMK58ZrCxDQ\"]}]}<\/script>\n<!-- \/ Yoast SEO plugin. -->","yoast_head_json":{"title":"Diretoria Sindimac - Sindilojas Fortaleza","robots":{"index":"index","follow":"follow","max-snippet":"max-snippet:-1","max-image-preview":"max-image-preview:large","max-video-preview":"max-video-preview:-1"},"canonical":"https:\/\/sindilojasfor.org.br\/web\/diretoria-sindimac\/","og_locale":"pt_BR","og_type":"article","og_title":"Diretoria Sindimac - Sindilojas Fortaleza","og_description":"Diretoria Sindimac &#8211; Gest\u00e3o 2026\/2030 Igor Jos\u00e9 Macedo Alves Presidente R\u00f4mulo Loureiro de Brito Vice-Presidente Jos\u00e9 Cid Sousa Alves do Nascimento Diretor Administrativo \/ Delegado Representante junto \u00e0 Fecom\u00e9rcio\/CE Pedro Paulo Tavares Vale Diretor Financeiro Lavanery Campos Wanderley Diretor Francisco Potiguara da Frota Diretor Ant\u00f4nio Jos\u00e9 de Freitas Mello Presidente Conselho Fiscal Pedro Fontenelle Catrib [&hellip;]","og_url":"https:\/\/sindilojasfor.org.br\/web\/diretoria-sindimac\/","og_site_name":"Sindilojas Fortaleza","article_publisher":"https:\/\/www.facebook.com\/SindilojasFortaleza","article_modified_time":"2026-03-23T19:16:58+00:00","og_image":[{"width":71,"height":71,"url":"https:\/\/sindilojasfor.org.br\/web\/wp-content\/uploads\/2025\/05\/detalhe-xadrez.webp","type":"image\/webp"}],"twitter_card":"summary_large_image","twitter_site":"@SindilojasFor","twitter_misc":{"Est. tempo de leitura":"3 minutos"},"schema":{"@context":"https:\/\/schema.org","@graph":[{"@type":"WebPage","@id":"https:\/\/sindilojasfor.org.br\/web\/diretoria-sindimac\/","url":"https:\/\/sindilojasfor.org.br\/web\/diretoria-sindimac\/","name":"Diretoria Sindimac - Sindilojas Fortaleza","isPartOf":{"@id":"https:\/\/sindilojasfor.org.br\/web\/#website"},"primaryImageOfPage":{"@id":"https:\/\/sindilojasfor.org.br\/web\/diretoria-sindimac\/#primaryimage"},"image":{"@id":"https:\/\/sindilojasfor.org.br\/web\/diretoria-sindimac\/#primaryimage"},"thumbnailUrl":"https:\/\/sindilojasfor.org.br\/web\/wp-content\/uploads\/2025\/05\/detalhe-xadrez.webp","datePublished":"2025-05-02T21:01:44+00:00","dateModified":"2026-03-23T19:16:58+00:00","breadcrumb":{"@id":"https:\/\/sindilojasfor.org.br\/web\/diretoria-sindimac\/#breadcrumb"},"inLanguage":"pt-BR","potentialAction":[{"@type":"ReadAction","target":["https:\/\/sindilojasfor.org.br\/web\/diretoria-sindimac\/"]}]},{"@type":"ImageObject","inLanguage":"pt-BR","@id":"https:\/\/sindilojasfor.org.br\/web\/diretoria-sindimac\/#primaryimage","url":"https:\/\/sindilojasfor.org.br\/web\/wp-content\/uploads\/2025\/05\/detalhe-xadrez.webp","contentUrl":"https:\/\/sindilojasfor.org.br\/web\/wp-content\/uploads\/2025\/05\/detalhe-xadrez.webp","width":71,"height":71},{"@type":"BreadcrumbList","@id":"https:\/\/sindilojasfor.org.br\/web\/diretoria-sindimac\/#breadcrumb","itemListElement":[{"@type":"ListItem","position":1,"name":"In\u00edcio","item":"https:\/\/sindilojasfor.org.br\/web\/"},{"@type":"ListItem","position":2,"name":"Diretoria Sindimac"}]},{"@type":"WebSite","@id":"https:\/\/sindilojasfor.org.br\/web\/#website","url":"https:\/\/sindilojasfor.org.br\/web\/","name":"Sindilojas Fortaleza","description":"H\u00e1 91 anos, A Casa do Lojista","publisher":{"@id":"https:\/\/sindilojasfor.org.br\/web\/#organization"},"potentialAction":[{"@type":"SearchAction","target":{"@type":"EntryPoint","urlTemplate":"https:\/\/sindilojasfor.org.br\/web\/?s={search_term_string}"},"query-input":{"@type":"PropertyValueSpecification","valueRequired":true,"valueName":"search_term_string"}}],"inLanguage":"pt-BR"},{"@type":"Organization","@id":"https:\/\/sindilojasfor.org.br\/web\/#organization","name":"Sindilojas Fortaleza","url":"https:\/\/sindilojasfor.org.br\/web\/","logo":{"@type":"ImageObject","inLanguage":"pt-BR","@id":"https:\/\/sindilojasfor.org.br\/web\/#\/schema\/logo\/image\/","url":"https:\/\/sindilojasfor.org.br\/web\/wp-content\/uploads\/2025\/03\/logo.png","contentUrl":"https:\/\/sindilojasfor.org.br\/web\/wp-content\/uploads\/2025\/03\/logo.png","width":750,"height":333,"caption":"Sindilojas Fortaleza"},"image":{"@id":"https:\/\/sindilojasfor.org.br\/web\/#\/schema\/logo\/image\/"},"sameAs":["https:\/\/www.facebook.com\/SindilojasFortaleza","https:\/\/x.com\/SindilojasFor","https:\/\/www.instagram.com\/SindilojasFor","https:\/\/www.linkedin.com\/in\/gerencia-fortaleza-45093a46\/","https:\/\/t.me\/sindilojasfortaleza","https:\/\/www.youtube.com\/channel\/UCQOowPrNcYoeFMK58ZrCxDQ"]}]}},"_links":{"self":[{"href":"https:\/\/sindilojasfor.org.br\/web\/wp-json\/wp\/v2\/pages\/9886","targetHints":{"allow":["GET"]}}],"collection":[{"href":"https:\/\/sindilojasfor.org.br\/web\/wp-json\/wp\/v2\/pages"}],"about":[{"href":"https:\/\/sindilojasfor.org.br\/web\/wp-json\/wp\/v2\/types\/page"}],"author":[{"embeddable":true,"href":"https:\/\/sindilojasfor.org.br\/web\/wp-json\/wp\/v2\/users\/1"}],"replies":[{"embeddable":true,"href":"https:\/\/sindilojasfor.org.br\/web\/wp-json\/wp\/v2\/comments?post=9886"}],"version-history":[{"count":34,"href":"https:\/\/sindilojasfor.org.br\/web\/wp-json\/wp\/v2\/pages\/9886\/revisions"}],"predecessor-version":[{"id":19195,"href":"https:\/\/sindilojasfor.org.br\/web\/wp-json\/wp\/v2\/pages\/9886\/revisions\/19195"}],"wp:attachment":[{"href":"https:\/\/sindilojasfor.org.br\/web\/wp-json\/wp\/v2\/media?parent=9886"}],"curies":[{"name":"wp","href":"https:\/\/api.w.org\/{rel}","templated":true}]}}