{"id":9863,"date":"2025-05-02T20:52:21","date_gmt":"2025-05-02T20:52:21","guid":{"rendered":"https:\/\/danielfarias.com.br\/sindilojas-temp\/?page_id=9863"},"modified":"2025-06-24T15:48:05","modified_gmt":"2025-06-24T15:48:05","slug":"telefonia-movel","status":"publish","type":"page","link":"https:\/\/sindilojasfor.org.br\/web\/telefonia-movel\/","title":{"rendered":"Telefonia M\u00f3vel"},"content":{"rendered":"\t\t<div data-elementor-type=\"wp-page\" data-elementor-id=\"9863\" class=\"elementor elementor-9863\" data-elementor-post-type=\"page\">\n\t\t\t\t<div class=\"elementor-element elementor-element-8f1812b e-flex e-con-boxed e-con e-parent\" data-id=\"8f1812b\" data-element_type=\"container\" data-e-type=\"container\" data-settings=\"{&quot;background_background&quot;:&quot;classic&quot;}\">\n\t\t\t\t\t<div class=\"e-con-inner\">\n\t\t\t\t\t<\/div>\n\t\t\t\t<\/div>\n\t\t<div class=\"elementor-element elementor-element-440cf4e e-flex e-con-boxed e-con e-parent\" data-id=\"440cf4e\" data-element_type=\"container\" data-e-type=\"container\">\n\t\t\t\t\t<div class=\"e-con-inner\">\n\t\t\t\t<div class=\"elementor-element elementor-element-7589345 elementor-widget elementor-widget-image\" data-id=\"7589345\" data-element_type=\"widget\" data-e-type=\"widget\" data-widget_type=\"image.default\">\n\t\t\t\t<div class=\"elementor-widget-container\">\n\t\t\t\t\t\t\t\t\t\t\t\t\t\t\t<img decoding=\"async\" width=\"71\" height=\"71\" src=\"https:\/\/sindilojasfor.org.br\/web\/wp-content\/uploads\/2025\/05\/detalhe-xadrez.webp\" class=\"attachment-large size-large wp-image-128\" alt=\"\" \/>\t\t\t\t\t\t\t\t\t\t\t\t\t\t\t<\/div>\n\t\t\t\t<\/div>\n\t\t\t\t\t<\/div>\n\t\t\t\t<\/div>\n\t\t<div class=\"elementor-element elementor-element-a409fa8 e-flex e-con-boxed e-con e-parent\" data-id=\"a409fa8\" data-element_type=\"container\" data-e-type=\"container\">\n\t\t\t\t\t<div class=\"e-con-inner\">\n\t\t<div class=\"elementor-element elementor-element-ce7411f e-con-full e-flex e-con e-child\" data-id=\"ce7411f\" data-element_type=\"container\" data-e-type=\"container\">\n\t\t\t\t<div class=\"elementor-element elementor-element-ad77cf8 scroll-bottom elementor-widget elementor-widget-image\" data-id=\"ad77cf8\" data-element_type=\"widget\" data-e-type=\"widget\" data-widget_type=\"image.default\">\n\t\t\t\t<div class=\"elementor-widget-container\">\n\t\t\t\t\t\t\t\t\t\t\t\t\t\t\t<img fetchpriority=\"high\" decoding=\"async\" width=\"600\" height=\"850\" src=\"https:\/\/sindilojasfor.org.br\/web\/wp-content\/uploads\/2025\/05\/telefonia.webp\" class=\"attachment-full size-full wp-image-10300\" alt=\"\" srcset=\"https:\/\/sindilojasfor.org.br\/web\/wp-content\/uploads\/2025\/05\/telefonia.webp 600w, https:\/\/sindilojasfor.org.br\/web\/wp-content\/uploads\/2025\/05\/telefonia-212x300.webp 212w\" sizes=\"(max-width: 600px) 100vw, 600px\" \/>\t\t\t\t\t\t\t\t\t\t\t\t\t\t\t<\/div>\n\t\t\t\t<\/div>\n\t\t\t\t<\/div>\n\t\t<div class=\"elementor-element elementor-element-8db49dd e-con-full e-flex e-con e-child\" data-id=\"8db49dd\" data-element_type=\"container\" data-e-type=\"container\" data-settings=\"{&quot;background_background&quot;:&quot;classic&quot;}\">\n\t\t\t\t<div class=\"elementor-element elementor-element-3dbb363 scroll-bottom elementor-widget elementor-widget-text-editor\" data-id=\"3dbb363\" data-element_type=\"widget\" data-e-type=\"widget\" data-widget_type=\"text-editor.default\">\n\t\t\t\t<div class=\"elementor-widget-container\">\n\t\t\t\t\t\t\t\t\t<p>O\u00a0<strong>SINDILOJAS Fortaleza<\/strong>\u00a0em parceria com a FECOM\u00c9RCIO-CE disponibiliza aos seus associados, servi\u00e7os de telefonias m\u00f3veis\u00a0<strong>(VIVO e TIM)<\/strong>, com descontos diferenciados. Veja abaixo o melhor plano para voc\u00ea ou sua empresa e fa\u00e7a j\u00e1 o seu!<\/p><p>Ainda n\u00e3o \u00e9 um\u00a0<strong>ASSOCIADO<\/strong>\u00a0<strong>SINDILOJAS Fortaleza,\u00a0<\/strong>entre em contato atrav\u00e9s do (85) 3488-1177 ou pelo email: <a href=\"mailto:assessoriacontabil@sindilojasfor.org.br\"><strong>comercial@sindilojasfor.org.br<\/strong><\/a>.<\/p>\t\t\t\t\t\t\t\t<\/div>\n\t\t\t\t<\/div>\n\t\t\t\t<\/div>\n\t\t\t\t\t<\/div>\n\t\t\t\t<\/div>\n\t\t<div class=\"elementor-element elementor-element-d709ee7 e-flex e-con-boxed e-con e-parent\" data-id=\"d709ee7\" data-element_type=\"container\" data-e-type=\"container\">\n\t\t\t\t\t<div class=\"e-con-inner\">\n\t\t\t\t<div class=\"elementor-element elementor-element-3d8c2c7 elementor-widget elementor-widget-image\" data-id=\"3d8c2c7\" data-element_type=\"widget\" data-e-type=\"widget\" data-widget_type=\"image.default\">\n\t\t\t\t<div class=\"elementor-widget-container\">\n\t\t\t\t\t\t\t\t\t\t\t\t\t\t\t<img decoding=\"async\" width=\"71\" height=\"71\" src=\"https:\/\/sindilojasfor.org.br\/web\/wp-content\/uploads\/2025\/05\/detalhe-xadrez.webp\" class=\"attachment-large size-large wp-image-128\" alt=\"\" \/>\t\t\t\t\t\t\t\t\t\t\t\t\t\t\t<\/div>\n\t\t\t\t<\/div>\n\t\t\t\t\t<\/div>\n\t\t\t\t<\/div>\n\t\t\t\t<\/div>\n\t\t","protected":false},"excerpt":{"rendered":"<p>O\u00a0SINDILOJAS Fortaleza\u00a0em parceria com a FECOM\u00c9RCIO-CE disponibiliza aos seus associados, servi\u00e7os de telefonias m\u00f3veis\u00a0(VIVO e TIM), com descontos diferenciados. Veja abaixo o melhor plano para voc\u00ea ou sua empresa e fa\u00e7a j\u00e1 o seu! Ainda n\u00e3o \u00e9 um\u00a0ASSOCIADO\u00a0SINDILOJAS Fortaleza,\u00a0entre em contato atrav\u00e9s do (85) 3488-1177 ou pelo email: comercial@sindilojasfor.org.br.<\/p>\n","protected":false},"author":1,"featured_media":0,"parent":0,"menu_order":0,"comment_status":"closed","ping_status":"closed","template":"","meta":{"footnotes":""},"class_list":["post-9863","page","type-page","status-publish","hentry"],"yoast_head":"<!-- This site is optimized with the Yoast SEO plugin v27.3 - https:\/\/yoast.com\/product\/yoast-seo-wordpress\/ -->\n<title>Telefonia M\u00f3vel - Sindilojas Fortaleza<\/title>\n<meta name=\"robots\" content=\"index, follow, max-snippet:-1, max-image-preview:large, max-video-preview:-1\" \/>\n<link rel=\"canonical\" href=\"https:\/\/sindilojasfor.org.br\/web\/telefonia-movel\/\" \/>\n<meta property=\"og:locale\" content=\"pt_BR\" \/>\n<meta property=\"og:type\" content=\"article\" \/>\n<meta property=\"og:title\" content=\"Telefonia M\u00f3vel - Sindilojas Fortaleza\" \/>\n<meta property=\"og:description\" content=\"O\u00a0SINDILOJAS Fortaleza\u00a0em parceria com a FECOM\u00c9RCIO-CE disponibiliza aos seus associados, servi\u00e7os de telefonias m\u00f3veis\u00a0(VIVO e TIM), com descontos diferenciados. Veja abaixo o melhor plano para voc\u00ea ou sua empresa e fa\u00e7a j\u00e1 o seu! Ainda n\u00e3o \u00e9 um\u00a0ASSOCIADO\u00a0SINDILOJAS Fortaleza,\u00a0entre em contato atrav\u00e9s do (85) 3488-1177 ou pelo email: comercial@sindilojasfor.org.br.\" \/>\n<meta property=\"og:url\" content=\"https:\/\/sindilojasfor.org.br\/web\/telefonia-movel\/\" \/>\n<meta property=\"og:site_name\" content=\"Sindilojas Fortaleza\" \/>\n<meta property=\"article:publisher\" content=\"https:\/\/www.facebook.com\/SindilojasFortaleza\" \/>\n<meta property=\"article:modified_time\" content=\"2025-06-24T15:48:05+00:00\" \/>\n<meta property=\"og:image\" content=\"https:\/\/sindilojasfor.org.br\/web\/wp-content\/uploads\/2025\/05\/detalhe-xadrez.webp\" \/>\n<meta name=\"twitter:card\" content=\"summary_large_image\" \/>\n<meta name=\"twitter:site\" content=\"@SindilojasFor\" \/>\n<meta name=\"twitter:label1\" content=\"Est. tempo de leitura\" \/>\n\t<meta name=\"twitter:data1\" content=\"1 minuto\" \/>\n<script type=\"application\/ld+json\" class=\"yoast-schema-graph\">{\"@context\":\"https:\\\/\\\/schema.org\",\"@graph\":[{\"@type\":\"WebPage\",\"@id\":\"https:\\\/\\\/sindilojasfor.org.br\\\/web\\\/telefonia-movel\\\/\",\"url\":\"https:\\\/\\\/sindilojasfor.org.br\\\/web\\\/telefonia-movel\\\/\",\"name\":\"Telefonia M\u00f3vel - Sindilojas Fortaleza\",\"isPartOf\":{\"@id\":\"https:\\\/\\\/sindilojasfor.org.br\\\/web\\\/#website\"},\"primaryImageOfPage\":{\"@id\":\"https:\\\/\\\/sindilojasfor.org.br\\\/web\\\/telefonia-movel\\\/#primaryimage\"},\"image\":{\"@id\":\"https:\\\/\\\/sindilojasfor.org.br\\\/web\\\/telefonia-movel\\\/#primaryimage\"},\"thumbnailUrl\":\"https:\\\/\\\/sindilojasfor.org.br\\\/web\\\/wp-content\\\/uploads\\\/2025\\\/05\\\/detalhe-xadrez.webp\",\"datePublished\":\"2025-05-02T20:52:21+00:00\",\"dateModified\":\"2025-06-24T15:48:05+00:00\",\"breadcrumb\":{\"@id\":\"https:\\\/\\\/sindilojasfor.org.br\\\/web\\\/telefonia-movel\\\/#breadcrumb\"},\"inLanguage\":\"pt-BR\",\"potentialAction\":[{\"@type\":\"ReadAction\",\"target\":[\"https:\\\/\\\/sindilojasfor.org.br\\\/web\\\/telefonia-movel\\\/\"]}]},{\"@type\":\"ImageObject\",\"inLanguage\":\"pt-BR\",\"@id\":\"https:\\\/\\\/sindilojasfor.org.br\\\/web\\\/telefonia-movel\\\/#primaryimage\",\"url\":\"https:\\\/\\\/sindilojasfor.org.br\\\/web\\\/wp-content\\\/uploads\\\/2025\\\/05\\\/detalhe-xadrez.webp\",\"contentUrl\":\"https:\\\/\\\/sindilojasfor.org.br\\\/web\\\/wp-content\\\/uploads\\\/2025\\\/05\\\/detalhe-xadrez.webp\",\"width\":71,\"height\":71},{\"@type\":\"BreadcrumbList\",\"@id\":\"https:\\\/\\\/sindilojasfor.org.br\\\/web\\\/telefonia-movel\\\/#breadcrumb\",\"itemListElement\":[{\"@type\":\"ListItem\",\"position\":1,\"name\":\"In\u00edcio\",\"item\":\"https:\\\/\\\/sindilojasfor.org.br\\\/web\\\/\"},{\"@type\":\"ListItem\",\"position\":2,\"name\":\"Telefonia M\u00f3vel\"}]},{\"@type\":\"WebSite\",\"@id\":\"https:\\\/\\\/sindilojasfor.org.br\\\/web\\\/#website\",\"url\":\"https:\\\/\\\/sindilojasfor.org.br\\\/web\\\/\",\"name\":\"Sindilojas Fortaleza\",\"description\":\"H\u00e1 91 anos, A Casa do Lojista\",\"publisher\":{\"@id\":\"https:\\\/\\\/sindilojasfor.org.br\\\/web\\\/#organization\"},\"potentialAction\":[{\"@type\":\"SearchAction\",\"target\":{\"@type\":\"EntryPoint\",\"urlTemplate\":\"https:\\\/\\\/sindilojasfor.org.br\\\/web\\\/?s={search_term_string}\"},\"query-input\":{\"@type\":\"PropertyValueSpecification\",\"valueRequired\":true,\"valueName\":\"search_term_string\"}}],\"inLanguage\":\"pt-BR\"},{\"@type\":\"Organization\",\"@id\":\"https:\\\/\\\/sindilojasfor.org.br\\\/web\\\/#organization\",\"name\":\"Sindilojas Fortaleza\",\"url\":\"https:\\\/\\\/sindilojasfor.org.br\\\/web\\\/\",\"logo\":{\"@type\":\"ImageObject\",\"inLanguage\":\"pt-BR\",\"@id\":\"https:\\\/\\\/sindilojasfor.org.br\\\/web\\\/#\\\/schema\\\/logo\\\/image\\\/\",\"url\":\"https:\\\/\\\/sindilojasfor.org.br\\\/web\\\/wp-content\\\/uploads\\\/2025\\\/03\\\/logo.png\",\"contentUrl\":\"https:\\\/\\\/sindilojasfor.org.br\\\/web\\\/wp-content\\\/uploads\\\/2025\\\/03\\\/logo.png\",\"width\":750,\"height\":333,\"caption\":\"Sindilojas Fortaleza\"},\"image\":{\"@id\":\"https:\\\/\\\/sindilojasfor.org.br\\\/web\\\/#\\\/schema\\\/logo\\\/image\\\/\"},\"sameAs\":[\"https:\\\/\\\/www.facebook.com\\\/SindilojasFortaleza\",\"https:\\\/\\\/x.com\\\/SindilojasFor\",\"https:\\\/\\\/www.instagram.com\\\/SindilojasFor\",\"https:\\\/\\\/www.linkedin.com\\\/in\\\/gerencia-fortaleza-45093a46\\\/\",\"https:\\\/\\\/t.me\\\/sindilojasfortaleza\",\"https:\\\/\\\/www.youtube.com\\\/channel\\\/UCQOowPrNcYoeFMK58ZrCxDQ\"]}]}<\/script>\n<!-- \/ Yoast SEO plugin. -->","yoast_head_json":{"title":"Telefonia M\u00f3vel - Sindilojas Fortaleza","robots":{"index":"index","follow":"follow","max-snippet":"max-snippet:-1","max-image-preview":"max-image-preview:large","max-video-preview":"max-video-preview:-1"},"canonical":"https:\/\/sindilojasfor.org.br\/web\/telefonia-movel\/","og_locale":"pt_BR","og_type":"article","og_title":"Telefonia M\u00f3vel - Sindilojas Fortaleza","og_description":"O\u00a0SINDILOJAS Fortaleza\u00a0em parceria com a FECOM\u00c9RCIO-CE disponibiliza aos seus associados, servi\u00e7os de telefonias m\u00f3veis\u00a0(VIVO e TIM), com descontos diferenciados. Veja abaixo o melhor plano para voc\u00ea ou sua empresa e fa\u00e7a j\u00e1 o seu! Ainda n\u00e3o \u00e9 um\u00a0ASSOCIADO\u00a0SINDILOJAS Fortaleza,\u00a0entre em contato atrav\u00e9s do (85) 3488-1177 ou pelo email: comercial@sindilojasfor.org.br.","og_url":"https:\/\/sindilojasfor.org.br\/web\/telefonia-movel\/","og_site_name":"Sindilojas Fortaleza","article_publisher":"https:\/\/www.facebook.com\/SindilojasFortaleza","article_modified_time":"2025-06-24T15:48:05+00:00","og_image":[{"url":"https:\/\/sindilojasfor.org.br\/web\/wp-content\/uploads\/2025\/05\/detalhe-xadrez.webp","type":"","width":"","height":""}],"twitter_card":"summary_large_image","twitter_site":"@SindilojasFor","twitter_misc":{"Est. tempo de leitura":"1 minuto"},"schema":{"@context":"https:\/\/schema.org","@graph":[{"@type":"WebPage","@id":"https:\/\/sindilojasfor.org.br\/web\/telefonia-movel\/","url":"https:\/\/sindilojasfor.org.br\/web\/telefonia-movel\/","name":"Telefonia M\u00f3vel - Sindilojas Fortaleza","isPartOf":{"@id":"https:\/\/sindilojasfor.org.br\/web\/#website"},"primaryImageOfPage":{"@id":"https:\/\/sindilojasfor.org.br\/web\/telefonia-movel\/#primaryimage"},"image":{"@id":"https:\/\/sindilojasfor.org.br\/web\/telefonia-movel\/#primaryimage"},"thumbnailUrl":"https:\/\/sindilojasfor.org.br\/web\/wp-content\/uploads\/2025\/05\/detalhe-xadrez.webp","datePublished":"2025-05-02T20:52:21+00:00","dateModified":"2025-06-24T15:48:05+00:00","breadcrumb":{"@id":"https:\/\/sindilojasfor.org.br\/web\/telefonia-movel\/#breadcrumb"},"inLanguage":"pt-BR","potentialAction":[{"@type":"ReadAction","target":["https:\/\/sindilojasfor.org.br\/web\/telefonia-movel\/"]}]},{"@type":"ImageObject","inLanguage":"pt-BR","@id":"https:\/\/sindilojasfor.org.br\/web\/telefonia-movel\/#primaryimage","url":"https:\/\/sindilojasfor.org.br\/web\/wp-content\/uploads\/2025\/05\/detalhe-xadrez.webp","contentUrl":"https:\/\/sindilojasfor.org.br\/web\/wp-content\/uploads\/2025\/05\/detalhe-xadrez.webp","width":71,"height":71},{"@type":"BreadcrumbList","@id":"https:\/\/sindilojasfor.org.br\/web\/telefonia-movel\/#breadcrumb","itemListElement":[{"@type":"ListItem","position":1,"name":"In\u00edcio","item":"https:\/\/sindilojasfor.org.br\/web\/"},{"@type":"ListItem","position":2,"name":"Telefonia M\u00f3vel"}]},{"@type":"WebSite","@id":"https:\/\/sindilojasfor.org.br\/web\/#website","url":"https:\/\/sindilojasfor.org.br\/web\/","name":"Sindilojas Fortaleza","description":"H\u00e1 91 anos, A Casa do Lojista","publisher":{"@id":"https:\/\/sindilojasfor.org.br\/web\/#organization"},"potentialAction":[{"@type":"SearchAction","target":{"@type":"EntryPoint","urlTemplate":"https:\/\/sindilojasfor.org.br\/web\/?s={search_term_string}"},"query-input":{"@type":"PropertyValueSpecification","valueRequired":true,"valueName":"search_term_string"}}],"inLanguage":"pt-BR"},{"@type":"Organization","@id":"https:\/\/sindilojasfor.org.br\/web\/#organization","name":"Sindilojas Fortaleza","url":"https:\/\/sindilojasfor.org.br\/web\/","logo":{"@type":"ImageObject","inLanguage":"pt-BR","@id":"https:\/\/sindilojasfor.org.br\/web\/#\/schema\/logo\/image\/","url":"https:\/\/sindilojasfor.org.br\/web\/wp-content\/uploads\/2025\/03\/logo.png","contentUrl":"https:\/\/sindilojasfor.org.br\/web\/wp-content\/uploads\/2025\/03\/logo.png","width":750,"height":333,"caption":"Sindilojas Fortaleza"},"image":{"@id":"https:\/\/sindilojasfor.org.br\/web\/#\/schema\/logo\/image\/"},"sameAs":["https:\/\/www.facebook.com\/SindilojasFortaleza","https:\/\/x.com\/SindilojasFor","https:\/\/www.instagram.com\/SindilojasFor","https:\/\/www.linkedin.com\/in\/gerencia-fortaleza-45093a46\/","https:\/\/t.me\/sindilojasfortaleza","https:\/\/www.youtube.com\/channel\/UCQOowPrNcYoeFMK58ZrCxDQ"]}]}},"_links":{"self":[{"href":"https:\/\/sindilojasfor.org.br\/web\/wp-json\/wp\/v2\/pages\/9863","targetHints":{"allow":["GET"]}}],"collection":[{"href":"https:\/\/sindilojasfor.org.br\/web\/wp-json\/wp\/v2\/pages"}],"about":[{"href":"https:\/\/sindilojasfor.org.br\/web\/wp-json\/wp\/v2\/types\/page"}],"author":[{"embeddable":true,"href":"https:\/\/sindilojasfor.org.br\/web\/wp-json\/wp\/v2\/users\/1"}],"replies":[{"embeddable":true,"href":"https:\/\/sindilojasfor.org.br\/web\/wp-json\/wp\/v2\/comments?post=9863"}],"version-history":[{"count":13,"href":"https:\/\/sindilojasfor.org.br\/web\/wp-json\/wp\/v2\/pages\/9863\/revisions"}],"predecessor-version":[{"id":17684,"href":"https:\/\/sindilojasfor.org.br\/web\/wp-json\/wp\/v2\/pages\/9863\/revisions\/17684"}],"wp:attachment":[{"href":"https:\/\/sindilojasfor.org.br\/web\/wp-json\/wp\/v2\/media?parent=9863"}],"curies":[{"name":"wp","href":"https:\/\/api.w.org\/{rel}","templated":true}]}}