{"id":9857,"date":"2025-05-02T20:51:02","date_gmt":"2025-05-02T20:51:02","guid":{"rendered":"https:\/\/danielfarias.com.br\/sindilojas-temp\/?page_id=9857"},"modified":"2025-08-11T13:17:09","modified_gmt":"2025-08-11T13:17:09","slug":"medicina-do-trabalho","status":"publish","type":"page","link":"https:\/\/sindilojasfor.org.br\/web\/medicina-do-trabalho\/","title":{"rendered":"Medicina do Trabalho"},"content":{"rendered":"\t\t<div data-elementor-type=\"wp-page\" data-elementor-id=\"9857\" class=\"elementor elementor-9857\" data-elementor-post-type=\"page\">\n\t\t\t\t<div class=\"elementor-element elementor-element-9229ca4 e-flex e-con-boxed e-con e-parent\" data-id=\"9229ca4\" data-element_type=\"container\" data-e-type=\"container\" data-settings=\"{&quot;background_background&quot;:&quot;classic&quot;}\">\n\t\t\t\t\t<div class=\"e-con-inner\">\n\t\t\t\t\t<\/div>\n\t\t\t\t<\/div>\n\t\t<div class=\"elementor-element elementor-element-5ab722c e-flex e-con-boxed e-con e-parent\" data-id=\"5ab722c\" data-element_type=\"container\" data-e-type=\"container\">\n\t\t\t\t\t<div class=\"e-con-inner\">\n\t\t\t\t<div class=\"elementor-element elementor-element-56aeca4 elementor-widget elementor-widget-image\" data-id=\"56aeca4\" data-element_type=\"widget\" data-e-type=\"widget\" data-widget_type=\"image.default\">\n\t\t\t\t<div class=\"elementor-widget-container\">\n\t\t\t\t\t\t\t\t\t\t\t\t\t\t\t<img decoding=\"async\" width=\"71\" height=\"71\" src=\"https:\/\/sindilojasfor.org.br\/web\/wp-content\/uploads\/2025\/05\/detalhe-xadrez.webp\" class=\"attachment-large size-large wp-image-128\" alt=\"\" \/>\t\t\t\t\t\t\t\t\t\t\t\t\t\t\t<\/div>\n\t\t\t\t<\/div>\n\t\t\t\t\t<\/div>\n\t\t\t\t<\/div>\n\t\t<div class=\"elementor-element elementor-element-5d34669 e-flex e-con-boxed e-con e-parent\" data-id=\"5d34669\" data-element_type=\"container\" data-e-type=\"container\">\n\t\t\t\t\t<div class=\"e-con-inner\">\n\t\t<div class=\"elementor-element elementor-element-32aa370 e-con-full e-flex e-con e-child\" data-id=\"32aa370\" data-element_type=\"container\" data-e-type=\"container\">\n\t\t\t\t<div class=\"elementor-element elementor-element-d9a1336 scroll-bottom elementor-widget elementor-widget-image\" data-id=\"d9a1336\" data-element_type=\"widget\" data-e-type=\"widget\" data-widget_type=\"image.default\">\n\t\t\t\t<div class=\"elementor-widget-container\">\n\t\t\t\t\t\t\t\t\t\t\t\t\t\t\t<img fetchpriority=\"high\" decoding=\"async\" width=\"282\" height=\"300\" src=\"https:\/\/sindilojasfor.org.br\/web\/wp-content\/uploads\/2025\/05\/saude_ocupacional-282x300.jpg.webp\" class=\"attachment-large size-large wp-image-10274\" alt=\"\" \/>\t\t\t\t\t\t\t\t\t\t\t\t\t\t\t<\/div>\n\t\t\t\t<\/div>\n\t\t\t\t<\/div>\n\t\t<div class=\"elementor-element elementor-element-8c6674c e-con-full e-flex e-con e-child\" data-id=\"8c6674c\" data-element_type=\"container\" data-e-type=\"container\" data-settings=\"{&quot;background_background&quot;:&quot;classic&quot;}\">\n\t\t\t\t<div class=\"elementor-element elementor-element-fdf8ab5 scroll-bottom elementor-widget elementor-widget-text-editor\" data-id=\"fdf8ab5\" data-element_type=\"widget\" data-e-type=\"widget\" data-widget_type=\"text-editor.default\">\n\t\t\t\t<div class=\"elementor-widget-container\">\n\t\t\t\t\t\t\t\t\t<p>O SINDILOJAS Fortaleza tem parceria para realiza\u00e7\u00e3o de exames m\u00e9dicos com especialistas na \u00e1rea do trabalho com valores diferenciados.<\/p><ul><li>Implanta\u00e7\u00e3o do Programa de Controle M\u00e9dico e Sa\u00fade Ocupacional (PCMSO);<\/li><\/ul><ul><li>Expedi\u00e7\u00e3o de atestado de sa\u00fade ocupacional (ASO): admissional, peri\u00f3dico e demissional a custo abaixo do mercado;<\/li><\/ul><ul><li>Terceiriza\u00e7\u00e3o dos exames audiom\u00e9tricos;<\/li><\/ul><ul><li>Programa de Preven\u00e7\u00e3o dos Riscos Ambientais (PPRA);<\/li><\/ul><ul><li>Comiss\u00e3o Interna de Preven\u00e7\u00e3o de Acidentes (CIPA);<\/li><\/ul><ul><li>Perfil Profissiogr\u00e1fico Previdenci\u00e1rio (PPP).<\/li><\/ul><p>Fa\u00e7a uma visita \u00e0 sede e seja um\u00a0<strong>ASSOCIADO<\/strong>\u00a0<strong>SINDILOJAS Fortaleza,\u00a0<\/strong>entre em contato atrav\u00e9s do <a href=\"https:\/\/wa.me\/558534881177\" target=\"_blank\" rel=\"noopener\">(85) 3488-1177<\/a> ou pelo e-mail<strong>\u00a0<\/strong><a href=\"mailto:assessoriacontabil@sindilojasfor.org.br\"><strong>comercial@sindilojasfor.org.br<\/strong><\/a>\u00a0\u2013 das 8h \u00e0s 17h.<\/p>\t\t\t\t\t\t\t\t<\/div>\n\t\t\t\t<\/div>\n\t\t\t\t<\/div>\n\t\t\t\t\t<\/div>\n\t\t\t\t<\/div>\n\t\t<div class=\"elementor-element elementor-element-f7143ed e-flex e-con-boxed e-con e-parent\" data-id=\"f7143ed\" data-element_type=\"container\" data-e-type=\"container\">\n\t\t\t\t\t<div class=\"e-con-inner\">\n\t\t\t\t<div class=\"elementor-element elementor-element-c37afac elementor-widget elementor-widget-image\" data-id=\"c37afac\" data-element_type=\"widget\" data-e-type=\"widget\" data-widget_type=\"image.default\">\n\t\t\t\t<div class=\"elementor-widget-container\">\n\t\t\t\t\t\t\t\t\t\t\t\t\t\t\t<img decoding=\"async\" width=\"71\" height=\"71\" src=\"https:\/\/sindilojasfor.org.br\/web\/wp-content\/uploads\/2025\/05\/detalhe-xadrez.webp\" class=\"attachment-large size-large wp-image-128\" alt=\"\" \/>\t\t\t\t\t\t\t\t\t\t\t\t\t\t\t<\/div>\n\t\t\t\t<\/div>\n\t\t\t\t\t<\/div>\n\t\t\t\t<\/div>\n\t\t\t\t<\/div>\n\t\t","protected":false},"excerpt":{"rendered":"<p>O SINDILOJAS Fortaleza tem parceria para realiza\u00e7\u00e3o de exames m\u00e9dicos com especialistas na \u00e1rea do trabalho com valores diferenciados. Implanta\u00e7\u00e3o do Programa de Controle M\u00e9dico e Sa\u00fade Ocupacional (PCMSO); Expedi\u00e7\u00e3o de atestado de sa\u00fade ocupacional (ASO): admissional, peri\u00f3dico e demissional a custo abaixo do mercado; Terceiriza\u00e7\u00e3o dos exames audiom\u00e9tricos; Programa de Preven\u00e7\u00e3o dos Riscos Ambientais [&hellip;]<\/p>\n","protected":false},"author":1,"featured_media":0,"parent":0,"menu_order":0,"comment_status":"closed","ping_status":"closed","template":"","meta":{"footnotes":""},"class_list":["post-9857","page","type-page","status-publish","hentry"],"yoast_head":"<!-- This site is optimized with the Yoast SEO plugin v27.3 - https:\/\/yoast.com\/product\/yoast-seo-wordpress\/ -->\n<title>Medicina do Trabalho - Sindilojas Fortaleza<\/title>\n<meta name=\"robots\" content=\"index, follow, max-snippet:-1, max-image-preview:large, max-video-preview:-1\" \/>\n<link rel=\"canonical\" href=\"https:\/\/sindilojasfor.org.br\/web\/medicina-do-trabalho\/\" \/>\n<meta property=\"og:locale\" content=\"pt_BR\" \/>\n<meta property=\"og:type\" content=\"article\" \/>\n<meta property=\"og:title\" content=\"Medicina do Trabalho - Sindilojas Fortaleza\" \/>\n<meta property=\"og:description\" content=\"O SINDILOJAS Fortaleza tem parceria para realiza\u00e7\u00e3o de exames m\u00e9dicos com especialistas na \u00e1rea do trabalho com valores diferenciados. Implanta\u00e7\u00e3o do Programa de Controle M\u00e9dico e Sa\u00fade Ocupacional (PCMSO); Expedi\u00e7\u00e3o de atestado de sa\u00fade ocupacional (ASO): admissional, peri\u00f3dico e demissional a custo abaixo do mercado; Terceiriza\u00e7\u00e3o dos exames audiom\u00e9tricos; Programa de Preven\u00e7\u00e3o dos Riscos Ambientais [&hellip;]\" \/>\n<meta property=\"og:url\" content=\"https:\/\/sindilojasfor.org.br\/web\/medicina-do-trabalho\/\" \/>\n<meta property=\"og:site_name\" content=\"Sindilojas Fortaleza\" \/>\n<meta property=\"article:publisher\" content=\"https:\/\/www.facebook.com\/SindilojasFortaleza\" \/>\n<meta property=\"article:modified_time\" content=\"2025-08-11T13:17:09+00:00\" \/>\n<meta property=\"og:image\" content=\"https:\/\/sindilojasfor.org.br\/web\/wp-content\/uploads\/2025\/05\/detalhe-xadrez.webp\" \/>\n\t<meta property=\"og:image:width\" content=\"71\" \/>\n\t<meta property=\"og:image:height\" content=\"71\" \/>\n\t<meta property=\"og:image:type\" content=\"image\/webp\" \/>\n<meta name=\"twitter:card\" content=\"summary_large_image\" \/>\n<meta name=\"twitter:site\" content=\"@SindilojasFor\" \/>\n<meta name=\"twitter:label1\" content=\"Est. tempo de leitura\" \/>\n\t<meta name=\"twitter:data1\" content=\"2 minutos\" \/>\n<script type=\"application\/ld+json\" class=\"yoast-schema-graph\">{\"@context\":\"https:\\\/\\\/schema.org\",\"@graph\":[{\"@type\":\"WebPage\",\"@id\":\"https:\\\/\\\/sindilojasfor.org.br\\\/web\\\/medicina-do-trabalho\\\/\",\"url\":\"https:\\\/\\\/sindilojasfor.org.br\\\/web\\\/medicina-do-trabalho\\\/\",\"name\":\"Medicina do Trabalho - Sindilojas Fortaleza\",\"isPartOf\":{\"@id\":\"https:\\\/\\\/sindilojasfor.org.br\\\/web\\\/#website\"},\"primaryImageOfPage\":{\"@id\":\"https:\\\/\\\/sindilojasfor.org.br\\\/web\\\/medicina-do-trabalho\\\/#primaryimage\"},\"image\":{\"@id\":\"https:\\\/\\\/sindilojasfor.org.br\\\/web\\\/medicina-do-trabalho\\\/#primaryimage\"},\"thumbnailUrl\":\"https:\\\/\\\/sindilojasfor.org.br\\\/web\\\/wp-content\\\/uploads\\\/2025\\\/05\\\/detalhe-xadrez.webp\",\"datePublished\":\"2025-05-02T20:51:02+00:00\",\"dateModified\":\"2025-08-11T13:17:09+00:00\",\"breadcrumb\":{\"@id\":\"https:\\\/\\\/sindilojasfor.org.br\\\/web\\\/medicina-do-trabalho\\\/#breadcrumb\"},\"inLanguage\":\"pt-BR\",\"potentialAction\":[{\"@type\":\"ReadAction\",\"target\":[\"https:\\\/\\\/sindilojasfor.org.br\\\/web\\\/medicina-do-trabalho\\\/\"]}]},{\"@type\":\"ImageObject\",\"inLanguage\":\"pt-BR\",\"@id\":\"https:\\\/\\\/sindilojasfor.org.br\\\/web\\\/medicina-do-trabalho\\\/#primaryimage\",\"url\":\"https:\\\/\\\/sindilojasfor.org.br\\\/web\\\/wp-content\\\/uploads\\\/2025\\\/05\\\/detalhe-xadrez.webp\",\"contentUrl\":\"https:\\\/\\\/sindilojasfor.org.br\\\/web\\\/wp-content\\\/uploads\\\/2025\\\/05\\\/detalhe-xadrez.webp\",\"width\":71,\"height\":71},{\"@type\":\"BreadcrumbList\",\"@id\":\"https:\\\/\\\/sindilojasfor.org.br\\\/web\\\/medicina-do-trabalho\\\/#breadcrumb\",\"itemListElement\":[{\"@type\":\"ListItem\",\"position\":1,\"name\":\"In\u00edcio\",\"item\":\"https:\\\/\\\/sindilojasfor.org.br\\\/web\\\/\"},{\"@type\":\"ListItem\",\"position\":2,\"name\":\"Medicina do Trabalho\"}]},{\"@type\":\"WebSite\",\"@id\":\"https:\\\/\\\/sindilojasfor.org.br\\\/web\\\/#website\",\"url\":\"https:\\\/\\\/sindilojasfor.org.br\\\/web\\\/\",\"name\":\"Sindilojas Fortaleza\",\"description\":\"H\u00e1 91 anos, A Casa do Lojista\",\"publisher\":{\"@id\":\"https:\\\/\\\/sindilojasfor.org.br\\\/web\\\/#organization\"},\"potentialAction\":[{\"@type\":\"SearchAction\",\"target\":{\"@type\":\"EntryPoint\",\"urlTemplate\":\"https:\\\/\\\/sindilojasfor.org.br\\\/web\\\/?s={search_term_string}\"},\"query-input\":{\"@type\":\"PropertyValueSpecification\",\"valueRequired\":true,\"valueName\":\"search_term_string\"}}],\"inLanguage\":\"pt-BR\"},{\"@type\":\"Organization\",\"@id\":\"https:\\\/\\\/sindilojasfor.org.br\\\/web\\\/#organization\",\"name\":\"Sindilojas Fortaleza\",\"url\":\"https:\\\/\\\/sindilojasfor.org.br\\\/web\\\/\",\"logo\":{\"@type\":\"ImageObject\",\"inLanguage\":\"pt-BR\",\"@id\":\"https:\\\/\\\/sindilojasfor.org.br\\\/web\\\/#\\\/schema\\\/logo\\\/image\\\/\",\"url\":\"https:\\\/\\\/sindilojasfor.org.br\\\/web\\\/wp-content\\\/uploads\\\/2025\\\/03\\\/logo.png\",\"contentUrl\":\"https:\\\/\\\/sindilojasfor.org.br\\\/web\\\/wp-content\\\/uploads\\\/2025\\\/03\\\/logo.png\",\"width\":750,\"height\":333,\"caption\":\"Sindilojas Fortaleza\"},\"image\":{\"@id\":\"https:\\\/\\\/sindilojasfor.org.br\\\/web\\\/#\\\/schema\\\/logo\\\/image\\\/\"},\"sameAs\":[\"https:\\\/\\\/www.facebook.com\\\/SindilojasFortaleza\",\"https:\\\/\\\/x.com\\\/SindilojasFor\",\"https:\\\/\\\/www.instagram.com\\\/SindilojasFor\",\"https:\\\/\\\/www.linkedin.com\\\/in\\\/gerencia-fortaleza-45093a46\\\/\",\"https:\\\/\\\/t.me\\\/sindilojasfortaleza\",\"https:\\\/\\\/www.youtube.com\\\/channel\\\/UCQOowPrNcYoeFMK58ZrCxDQ\"]}]}<\/script>\n<!-- \/ Yoast SEO plugin. -->","yoast_head_json":{"title":"Medicina do Trabalho - Sindilojas Fortaleza","robots":{"index":"index","follow":"follow","max-snippet":"max-snippet:-1","max-image-preview":"max-image-preview:large","max-video-preview":"max-video-preview:-1"},"canonical":"https:\/\/sindilojasfor.org.br\/web\/medicina-do-trabalho\/","og_locale":"pt_BR","og_type":"article","og_title":"Medicina do Trabalho - Sindilojas Fortaleza","og_description":"O SINDILOJAS Fortaleza tem parceria para realiza\u00e7\u00e3o de exames m\u00e9dicos com especialistas na \u00e1rea do trabalho com valores diferenciados. Implanta\u00e7\u00e3o do Programa de Controle M\u00e9dico e Sa\u00fade Ocupacional (PCMSO); Expedi\u00e7\u00e3o de atestado de sa\u00fade ocupacional (ASO): admissional, peri\u00f3dico e demissional a custo abaixo do mercado; Terceiriza\u00e7\u00e3o dos exames audiom\u00e9tricos; Programa de Preven\u00e7\u00e3o dos Riscos Ambientais [&hellip;]","og_url":"https:\/\/sindilojasfor.org.br\/web\/medicina-do-trabalho\/","og_site_name":"Sindilojas Fortaleza","article_publisher":"https:\/\/www.facebook.com\/SindilojasFortaleza","article_modified_time":"2025-08-11T13:17:09+00:00","og_image":[{"width":71,"height":71,"url":"https:\/\/sindilojasfor.org.br\/web\/wp-content\/uploads\/2025\/05\/detalhe-xadrez.webp","type":"image\/webp"}],"twitter_card":"summary_large_image","twitter_site":"@SindilojasFor","twitter_misc":{"Est. tempo de leitura":"2 minutos"},"schema":{"@context":"https:\/\/schema.org","@graph":[{"@type":"WebPage","@id":"https:\/\/sindilojasfor.org.br\/web\/medicina-do-trabalho\/","url":"https:\/\/sindilojasfor.org.br\/web\/medicina-do-trabalho\/","name":"Medicina do Trabalho - Sindilojas Fortaleza","isPartOf":{"@id":"https:\/\/sindilojasfor.org.br\/web\/#website"},"primaryImageOfPage":{"@id":"https:\/\/sindilojasfor.org.br\/web\/medicina-do-trabalho\/#primaryimage"},"image":{"@id":"https:\/\/sindilojasfor.org.br\/web\/medicina-do-trabalho\/#primaryimage"},"thumbnailUrl":"https:\/\/sindilojasfor.org.br\/web\/wp-content\/uploads\/2025\/05\/detalhe-xadrez.webp","datePublished":"2025-05-02T20:51:02+00:00","dateModified":"2025-08-11T13:17:09+00:00","breadcrumb":{"@id":"https:\/\/sindilojasfor.org.br\/web\/medicina-do-trabalho\/#breadcrumb"},"inLanguage":"pt-BR","potentialAction":[{"@type":"ReadAction","target":["https:\/\/sindilojasfor.org.br\/web\/medicina-do-trabalho\/"]}]},{"@type":"ImageObject","inLanguage":"pt-BR","@id":"https:\/\/sindilojasfor.org.br\/web\/medicina-do-trabalho\/#primaryimage","url":"https:\/\/sindilojasfor.org.br\/web\/wp-content\/uploads\/2025\/05\/detalhe-xadrez.webp","contentUrl":"https:\/\/sindilojasfor.org.br\/web\/wp-content\/uploads\/2025\/05\/detalhe-xadrez.webp","width":71,"height":71},{"@type":"BreadcrumbList","@id":"https:\/\/sindilojasfor.org.br\/web\/medicina-do-trabalho\/#breadcrumb","itemListElement":[{"@type":"ListItem","position":1,"name":"In\u00edcio","item":"https:\/\/sindilojasfor.org.br\/web\/"},{"@type":"ListItem","position":2,"name":"Medicina do Trabalho"}]},{"@type":"WebSite","@id":"https:\/\/sindilojasfor.org.br\/web\/#website","url":"https:\/\/sindilojasfor.org.br\/web\/","name":"Sindilojas Fortaleza","description":"H\u00e1 91 anos, A Casa do Lojista","publisher":{"@id":"https:\/\/sindilojasfor.org.br\/web\/#organization"},"potentialAction":[{"@type":"SearchAction","target":{"@type":"EntryPoint","urlTemplate":"https:\/\/sindilojasfor.org.br\/web\/?s={search_term_string}"},"query-input":{"@type":"PropertyValueSpecification","valueRequired":true,"valueName":"search_term_string"}}],"inLanguage":"pt-BR"},{"@type":"Organization","@id":"https:\/\/sindilojasfor.org.br\/web\/#organization","name":"Sindilojas Fortaleza","url":"https:\/\/sindilojasfor.org.br\/web\/","logo":{"@type":"ImageObject","inLanguage":"pt-BR","@id":"https:\/\/sindilojasfor.org.br\/web\/#\/schema\/logo\/image\/","url":"https:\/\/sindilojasfor.org.br\/web\/wp-content\/uploads\/2025\/03\/logo.png","contentUrl":"https:\/\/sindilojasfor.org.br\/web\/wp-content\/uploads\/2025\/03\/logo.png","width":750,"height":333,"caption":"Sindilojas Fortaleza"},"image":{"@id":"https:\/\/sindilojasfor.org.br\/web\/#\/schema\/logo\/image\/"},"sameAs":["https:\/\/www.facebook.com\/SindilojasFortaleza","https:\/\/x.com\/SindilojasFor","https:\/\/www.instagram.com\/SindilojasFor","https:\/\/www.linkedin.com\/in\/gerencia-fortaleza-45093a46\/","https:\/\/t.me\/sindilojasfortaleza","https:\/\/www.youtube.com\/channel\/UCQOowPrNcYoeFMK58ZrCxDQ"]}]}},"_links":{"self":[{"href":"https:\/\/sindilojasfor.org.br\/web\/wp-json\/wp\/v2\/pages\/9857","targetHints":{"allow":["GET"]}}],"collection":[{"href":"https:\/\/sindilojasfor.org.br\/web\/wp-json\/wp\/v2\/pages"}],"about":[{"href":"https:\/\/sindilojasfor.org.br\/web\/wp-json\/wp\/v2\/types\/page"}],"author":[{"embeddable":true,"href":"https:\/\/sindilojasfor.org.br\/web\/wp-json\/wp\/v2\/users\/1"}],"replies":[{"embeddable":true,"href":"https:\/\/sindilojasfor.org.br\/web\/wp-json\/wp\/v2\/comments?post=9857"}],"version-history":[{"count":13,"href":"https:\/\/sindilojasfor.org.br\/web\/wp-json\/wp\/v2\/pages\/9857\/revisions"}],"predecessor-version":[{"id":17980,"href":"https:\/\/sindilojasfor.org.br\/web\/wp-json\/wp\/v2\/pages\/9857\/revisions\/17980"}],"wp:attachment":[{"href":"https:\/\/sindilojasfor.org.br\/web\/wp-json\/wp\/v2\/media?parent=9857"}],"curies":[{"name":"wp","href":"https:\/\/api.w.org\/{rel}","templated":true}]}}