{"id":9829,"date":"2025-05-02T20:43:30","date_gmt":"2025-05-02T20:43:30","guid":{"rendered":"https:\/\/danielfarias.com.br\/sindilojas-temp\/?page_id=9829"},"modified":"2025-08-11T13:26:03","modified_gmt":"2025-08-11T13:26:03","slug":"colaboradores","status":"publish","type":"page","link":"https:\/\/sindilojasfor.org.br\/web\/colaboradores\/","title":{"rendered":"Colaboradores"},"content":{"rendered":"\t\t<div data-elementor-type=\"wp-page\" data-elementor-id=\"9829\" class=\"elementor elementor-9829\" data-elementor-post-type=\"page\">\n\t\t\t\t<div class=\"elementor-element elementor-element-47a3d6d e-flex e-con-boxed e-con e-parent\" data-id=\"47a3d6d\" data-element_type=\"container\" data-e-type=\"container\" data-settings=\"{&quot;background_background&quot;:&quot;classic&quot;}\">\n\t\t\t\t\t<div class=\"e-con-inner\">\n\t\t\t\t\t<\/div>\n\t\t\t\t<\/div>\n\t\t<div class=\"elementor-element elementor-element-2294a56 e-flex e-con-boxed e-con e-parent\" data-id=\"2294a56\" data-element_type=\"container\" data-e-type=\"container\">\n\t\t\t\t\t<div class=\"e-con-inner\">\n\t\t\t\t<div class=\"elementor-element elementor-element-0c81e25 elementor-widget elementor-widget-image\" data-id=\"0c81e25\" data-element_type=\"widget\" data-e-type=\"widget\" data-widget_type=\"image.default\">\n\t\t\t\t<div class=\"elementor-widget-container\">\n\t\t\t\t\t\t\t\t\t\t\t\t\t\t\t<img decoding=\"async\" width=\"71\" height=\"71\" src=\"https:\/\/sindilojasfor.org.br\/web\/wp-content\/uploads\/2025\/05\/detalhe-xadrez.webp\" class=\"attachment-large size-large wp-image-128\" alt=\"\" \/>\t\t\t\t\t\t\t\t\t\t\t\t\t\t\t<\/div>\n\t\t\t\t<\/div>\n\t\t\t\t\t<\/div>\n\t\t\t\t<\/div>\n\t\t<div class=\"elementor-element elementor-element-3590336 e-flex e-con-boxed e-con e-parent\" data-id=\"3590336\" data-element_type=\"container\" data-e-type=\"container\">\n\t\t\t\t\t<div class=\"e-con-inner\">\n\t\t\t\t<div class=\"elementor-element elementor-element-f7e3cc4 scroll-bottom elementor-widget elementor-widget-image\" data-id=\"f7e3cc4\" data-element_type=\"widget\" data-e-type=\"widget\" data-widget_type=\"image.default\">\n\t\t\t\t<div class=\"elementor-widget-container\">\n\t\t\t\t\t\t\t\t\t\t\t\t\t\t\t<img fetchpriority=\"high\" decoding=\"async\" width=\"800\" height=\"550\" src=\"https:\/\/sindilojasfor.org.br\/web\/wp-content\/uploads\/2025\/05\/asset-2-copiar-1.webp\" class=\"attachment-large size-large wp-image-10077\" alt=\"\" srcset=\"https:\/\/sindilojasfor.org.br\/web\/wp-content\/uploads\/2025\/05\/asset-2-copiar-1.webp 933w, https:\/\/sindilojasfor.org.br\/web\/wp-content\/uploads\/2025\/05\/asset-2-copiar-1-300x206.webp 300w, https:\/\/sindilojasfor.org.br\/web\/wp-content\/uploads\/2025\/05\/asset-2-copiar-1-768x528.webp 768w\" sizes=\"(max-width: 800px) 100vw, 800px\" \/>\t\t\t\t\t\t\t\t\t\t\t\t\t\t\t<\/div>\n\t\t\t\t<\/div>\n\t\t\t\t<div class=\"elementor-element elementor-element-fe5c287 scroll-bottom elementor-widget elementor-widget-text-editor\" data-id=\"fe5c287\" data-element_type=\"widget\" data-e-type=\"widget\" data-widget_type=\"text-editor.default\">\n\t\t\t\t<div class=\"elementor-widget-container\">\n\t\t\t\t\t\t\t\t\t<p>N\u00f3s que formamos o time \u201c<strong>Colaboradores SINDILOJAS Fortaleza<\/strong>\u201d, temos grande satisfa\u00e7\u00e3o em atender os lojistas, nossos associados e representados por esta entidade sindical.\u00a0<\/p>\t\t\t\t\t\t\t\t<\/div>\n\t\t\t\t<\/div>\n\t\t\t\t\t<\/div>\n\t\t\t\t<\/div>\n\t\t<div class=\"elementor-element elementor-element-ff24233 e-flex e-con-boxed e-con e-parent\" data-id=\"ff24233\" data-element_type=\"container\" data-e-type=\"container\">\n\t\t\t\t\t<div class=\"e-con-inner\">\n\t\t\t\t<div class=\"elementor-element elementor-element-5f53979 elementor-widget__width-initial scroll-bottom elementor-position-top elementor-widget elementor-widget-image-box\" data-id=\"5f53979\" data-element_type=\"widget\" data-e-type=\"widget\" data-widget_type=\"image-box.default\">\n\t\t\t\t<div class=\"elementor-widget-container\">\n\t\t\t\t\t<div class=\"elementor-image-box-wrapper\"><figure class=\"elementor-image-box-img\"><img decoding=\"async\" width=\"1000\" height=\"1333\" src=\"https:\/\/sindilojasfor.org.br\/web\/wp-content\/uploads\/2025\/08\/asset-3-copiar-1-copiar.webp\" class=\"attachment-full size-full wp-image-17974\" alt=\"\" srcset=\"https:\/\/sindilojasfor.org.br\/web\/wp-content\/uploads\/2025\/08\/asset-3-copiar-1-copiar.webp 1000w, https:\/\/sindilojasfor.org.br\/web\/wp-content\/uploads\/2025\/08\/asset-3-copiar-1-copiar-225x300.webp 225w, https:\/\/sindilojasfor.org.br\/web\/wp-content\/uploads\/2025\/08\/asset-3-copiar-1-copiar-768x1024.webp 768w\" sizes=\"(max-width: 1000px) 100vw, 1000px\" \/><\/figure><div class=\"elementor-image-box-content\"><h3 class=\"elementor-image-box-title\">T\u00e2nia Damasceno<\/h3><p class=\"elementor-image-box-description\">Assessora da Presid\u00eancia<\/p><\/div><\/div>\t\t\t\t<\/div>\n\t\t\t\t<\/div>\n\t\t\t\t<div class=\"elementor-element elementor-element-f405f8a elementor-widget__width-initial scroll-bottom elementor-position-top elementor-widget elementor-widget-image-box\" data-id=\"f405f8a\" data-element_type=\"widget\" data-e-type=\"widget\" data-widget_type=\"image-box.default\">\n\t\t\t\t<div class=\"elementor-widget-container\">\n\t\t\t\t\t<div class=\"elementor-image-box-wrapper\"><figure class=\"elementor-image-box-img\"><img loading=\"lazy\" decoding=\"async\" width=\"1000\" height=\"1333\" src=\"https:\/\/sindilojasfor.org.br\/web\/wp-content\/uploads\/2025\/08\/39-copiar.webp\" class=\"attachment-full size-full wp-image-17955\" alt=\"\" srcset=\"https:\/\/sindilojasfor.org.br\/web\/wp-content\/uploads\/2025\/08\/39-copiar.webp 1000w, https:\/\/sindilojasfor.org.br\/web\/wp-content\/uploads\/2025\/08\/39-copiar-225x300.webp 225w, https:\/\/sindilojasfor.org.br\/web\/wp-content\/uploads\/2025\/08\/39-copiar-768x1024.webp 768w\" sizes=\"(max-width: 1000px) 100vw, 1000px\" \/><\/figure><div class=\"elementor-image-box-content\"><h3 class=\"elementor-image-box-title\">Patr\u00edcia Siqueira<\/h3><p class=\"elementor-image-box-description\">Gerente Executiva <\/p><\/div><\/div>\t\t\t\t<\/div>\n\t\t\t\t<\/div>\n\t\t\t\t<div class=\"elementor-element elementor-element-66a4b59 elementor-widget__width-initial scroll-bottom elementor-position-top elementor-widget elementor-widget-image-box\" data-id=\"66a4b59\" data-element_type=\"widget\" data-e-type=\"widget\" data-widget_type=\"image-box.default\">\n\t\t\t\t<div class=\"elementor-widget-container\">\n\t\t\t\t\t<div class=\"elementor-image-box-wrapper\"><figure class=\"elementor-image-box-img\"><img loading=\"lazy\" decoding=\"async\" width=\"1000\" height=\"1333\" src=\"https:\/\/sindilojasfor.org.br\/web\/wp-content\/uploads\/2025\/08\/38-copiar.webp\" class=\"attachment-full size-full wp-image-17956\" alt=\"\" srcset=\"https:\/\/sindilojasfor.org.br\/web\/wp-content\/uploads\/2025\/08\/38-copiar.webp 1000w, https:\/\/sindilojasfor.org.br\/web\/wp-content\/uploads\/2025\/08\/38-copiar-225x300.webp 225w, https:\/\/sindilojasfor.org.br\/web\/wp-content\/uploads\/2025\/08\/38-copiar-768x1024.webp 768w\" sizes=\"(max-width: 1000px) 100vw, 1000px\" \/><\/figure><div class=\"elementor-image-box-content\"><h3 class=\"elementor-image-box-title\">Cl\u00e1udio Gomes<\/h3><p class=\"elementor-image-box-description\">Administrativo<\/p><\/div><\/div>\t\t\t\t<\/div>\n\t\t\t\t<\/div>\n\t\t\t\t<div class=\"elementor-element elementor-element-3b2c9f5 elementor-widget__width-initial scroll-bottom elementor-position-top elementor-widget elementor-widget-image-box\" data-id=\"3b2c9f5\" data-element_type=\"widget\" data-e-type=\"widget\" data-widget_type=\"image-box.default\">\n\t\t\t\t<div class=\"elementor-widget-container\">\n\t\t\t\t\t<div class=\"elementor-image-box-wrapper\"><figure class=\"elementor-image-box-img\"><img loading=\"lazy\" decoding=\"async\" width=\"1000\" height=\"1333\" src=\"https:\/\/sindilojasfor.org.br\/web\/wp-content\/uploads\/2025\/08\/35-copiar.webp\" class=\"attachment-full size-full wp-image-17957\" alt=\"\" srcset=\"https:\/\/sindilojasfor.org.br\/web\/wp-content\/uploads\/2025\/08\/35-copiar.webp 1000w, https:\/\/sindilojasfor.org.br\/web\/wp-content\/uploads\/2025\/08\/35-copiar-225x300.webp 225w, https:\/\/sindilojasfor.org.br\/web\/wp-content\/uploads\/2025\/08\/35-copiar-768x1024.webp 768w\" sizes=\"(max-width: 1000px) 100vw, 1000px\" \/><\/figure><div class=\"elementor-image-box-content\"><h3 class=\"elementor-image-box-title\">C\u00e9lia Albuquerque<\/h3><p class=\"elementor-image-box-description\">Financeiro<\/p><\/div><\/div>\t\t\t\t<\/div>\n\t\t\t\t<\/div>\n\t\t\t\t<div class=\"elementor-element elementor-element-e208037 elementor-widget__width-initial scroll-bottom elementor-position-top elementor-widget elementor-widget-image-box\" data-id=\"e208037\" data-element_type=\"widget\" data-e-type=\"widget\" data-widget_type=\"image-box.default\">\n\t\t\t\t<div class=\"elementor-widget-container\">\n\t\t\t\t\t<div class=\"elementor-image-box-wrapper\"><figure class=\"elementor-image-box-img\"><img loading=\"lazy\" decoding=\"async\" width=\"1000\" height=\"1333\" src=\"https:\/\/sindilojasfor.org.br\/web\/wp-content\/uploads\/2025\/08\/36-copiar.webp\" class=\"attachment-full size-full wp-image-17959\" alt=\"\" srcset=\"https:\/\/sindilojasfor.org.br\/web\/wp-content\/uploads\/2025\/08\/36-copiar.webp 1000w, https:\/\/sindilojasfor.org.br\/web\/wp-content\/uploads\/2025\/08\/36-copiar-225x300.webp 225w, https:\/\/sindilojasfor.org.br\/web\/wp-content\/uploads\/2025\/08\/36-copiar-768x1024.webp 768w\" sizes=\"(max-width: 1000px) 100vw, 1000px\" \/><\/figure><div class=\"elementor-image-box-content\"><h3 class=\"elementor-image-box-title\">Camila Vasconcelos<\/h3><p class=\"elementor-image-box-description\">Agente de Registro<\/p><\/div><\/div>\t\t\t\t<\/div>\n\t\t\t\t<\/div>\n\t\t\t\t<div class=\"elementor-element elementor-element-5b880d0 elementor-widget__width-initial scroll-bottom elementor-position-top elementor-widget elementor-widget-image-box\" data-id=\"5b880d0\" data-element_type=\"widget\" data-e-type=\"widget\" data-widget_type=\"image-box.default\">\n\t\t\t\t<div class=\"elementor-widget-container\">\n\t\t\t\t\t<div class=\"elementor-image-box-wrapper\"><figure class=\"elementor-image-box-img\"><img loading=\"lazy\" decoding=\"async\" width=\"1000\" height=\"1333\" src=\"https:\/\/sindilojasfor.org.br\/web\/wp-content\/uploads\/2025\/08\/FOTOS_SITE-1-copiar.webp\" class=\"attachment-full size-full wp-image-17960\" alt=\"\" srcset=\"https:\/\/sindilojasfor.org.br\/web\/wp-content\/uploads\/2025\/08\/FOTOS_SITE-1-copiar.webp 1000w, https:\/\/sindilojasfor.org.br\/web\/wp-content\/uploads\/2025\/08\/FOTOS_SITE-1-copiar-225x300.webp 225w, https:\/\/sindilojasfor.org.br\/web\/wp-content\/uploads\/2025\/08\/FOTOS_SITE-1-copiar-768x1024.webp 768w\" sizes=\"(max-width: 1000px) 100vw, 1000px\" \/><\/figure><div class=\"elementor-image-box-content\"><h3 class=\"elementor-image-box-title\">Erika Miranda<\/h3><p class=\"elementor-image-box-description\">Comercial<\/p><\/div><\/div>\t\t\t\t<\/div>\n\t\t\t\t<\/div>\n\t\t\t\t<div class=\"elementor-element elementor-element-19290b3 elementor-widget__width-initial scroll-bottom elementor-position-top elementor-widget elementor-widget-image-box\" data-id=\"19290b3\" data-element_type=\"widget\" data-e-type=\"widget\" data-widget_type=\"image-box.default\">\n\t\t\t\t<div class=\"elementor-widget-container\">\n\t\t\t\t\t<div class=\"elementor-image-box-wrapper\"><figure class=\"elementor-image-box-img\"><img loading=\"lazy\" decoding=\"async\" width=\"1000\" height=\"1333\" src=\"https:\/\/sindilojasfor.org.br\/web\/wp-content\/uploads\/2025\/08\/37-copiar.webp\" class=\"attachment-full size-full wp-image-17961\" alt=\"\" srcset=\"https:\/\/sindilojasfor.org.br\/web\/wp-content\/uploads\/2025\/08\/37-copiar.webp 1000w, https:\/\/sindilojasfor.org.br\/web\/wp-content\/uploads\/2025\/08\/37-copiar-225x300.webp 225w, https:\/\/sindilojasfor.org.br\/web\/wp-content\/uploads\/2025\/08\/37-copiar-768x1024.webp 768w\" sizes=\"(max-width: 1000px) 100vw, 1000px\" \/><\/figure><div class=\"elementor-image-box-content\"><h3 class=\"elementor-image-box-title\">Carolina Alves<\/h3><p class=\"elementor-image-box-description\">Recepcionista<\/p><\/div><\/div>\t\t\t\t<\/div>\n\t\t\t\t<\/div>\n\t\t\t\t\t<\/div>\n\t\t\t\t<\/div>\n\t\t<div class=\"elementor-element elementor-element-048b22a e-flex e-con-boxed e-con e-parent\" data-id=\"048b22a\" data-element_type=\"container\" data-e-type=\"container\">\n\t\t\t\t\t<div class=\"e-con-inner\">\n\t\t\t\t<div class=\"elementor-element elementor-element-cc62030 elementor-widget elementor-widget-image\" data-id=\"cc62030\" data-element_type=\"widget\" data-e-type=\"widget\" data-widget_type=\"image.default\">\n\t\t\t\t<div class=\"elementor-widget-container\">\n\t\t\t\t\t\t\t\t\t\t\t\t\t\t\t<img decoding=\"async\" width=\"71\" height=\"71\" src=\"https:\/\/sindilojasfor.org.br\/web\/wp-content\/uploads\/2025\/05\/detalhe-xadrez.webp\" class=\"attachment-large size-large wp-image-128\" alt=\"\" \/>\t\t\t\t\t\t\t\t\t\t\t\t\t\t\t<\/div>\n\t\t\t\t<\/div>\n\t\t\t\t\t<\/div>\n\t\t\t\t<\/div>\n\t\t\t\t<\/div>\n\t\t","protected":false},"excerpt":{"rendered":"<p>N\u00f3s que formamos o time \u201cColaboradores SINDILOJAS Fortaleza\u201d, temos grande satisfa\u00e7\u00e3o em atender os lojistas, nossos associados e representados por esta entidade sindical.\u00a0 T\u00e2nia Damasceno Assessora da Presid\u00eancia Patr\u00edcia Siqueira Gerente Executiva Cl\u00e1udio Gomes Administrativo C\u00e9lia Albuquerque Financeiro Camila Vasconcelos Agente de Registro Erika Miranda Comercial Carolina Alves Recepcionista<\/p>\n","protected":false},"author":1,"featured_media":0,"parent":0,"menu_order":0,"comment_status":"closed","ping_status":"closed","template":"","meta":{"footnotes":""},"class_list":["post-9829","page","type-page","status-publish","hentry"],"yoast_head":"<!-- This site is optimized with the Yoast SEO plugin v27.3 - https:\/\/yoast.com\/product\/yoast-seo-wordpress\/ -->\n<title>Colaboradores - Sindilojas Fortaleza<\/title>\n<meta name=\"robots\" content=\"index, follow, max-snippet:-1, max-image-preview:large, max-video-preview:-1\" \/>\n<link rel=\"canonical\" href=\"https:\/\/sindilojasfor.org.br\/web\/colaboradores\/\" \/>\n<meta property=\"og:locale\" content=\"pt_BR\" \/>\n<meta property=\"og:type\" content=\"article\" \/>\n<meta property=\"og:title\" content=\"Colaboradores - Sindilojas Fortaleza\" \/>\n<meta property=\"og:description\" content=\"N\u00f3s que formamos o time \u201cColaboradores SINDILOJAS Fortaleza\u201d, temos grande satisfa\u00e7\u00e3o em atender os lojistas, nossos associados e representados por esta entidade sindical.\u00a0 T\u00e2nia Damasceno Assessora da Presid\u00eancia Patr\u00edcia Siqueira Gerente Executiva Cl\u00e1udio Gomes Administrativo C\u00e9lia Albuquerque Financeiro Camila Vasconcelos Agente de Registro Erika Miranda Comercial Carolina Alves Recepcionista\" \/>\n<meta property=\"og:url\" content=\"https:\/\/sindilojasfor.org.br\/web\/colaboradores\/\" \/>\n<meta property=\"og:site_name\" content=\"Sindilojas Fortaleza\" \/>\n<meta property=\"article:publisher\" content=\"https:\/\/www.facebook.com\/SindilojasFortaleza\" \/>\n<meta property=\"article:modified_time\" content=\"2025-08-11T13:26:03+00:00\" \/>\n<meta property=\"og:image\" content=\"https:\/\/sindilojasfor.org.br\/web\/wp-content\/uploads\/2025\/05\/detalhe-xadrez.webp\" \/>\n\t<meta property=\"og:image:width\" content=\"71\" \/>\n\t<meta property=\"og:image:height\" content=\"71\" \/>\n\t<meta property=\"og:image:type\" content=\"image\/webp\" \/>\n<meta name=\"twitter:card\" content=\"summary_large_image\" \/>\n<meta name=\"twitter:site\" content=\"@SindilojasFor\" \/>\n<meta name=\"twitter:label1\" content=\"Est. tempo de leitura\" \/>\n\t<meta name=\"twitter:data1\" content=\"3 minutos\" \/>\n<script type=\"application\/ld+json\" class=\"yoast-schema-graph\">{\"@context\":\"https:\\\/\\\/schema.org\",\"@graph\":[{\"@type\":\"WebPage\",\"@id\":\"https:\\\/\\\/sindilojasfor.org.br\\\/web\\\/colaboradores\\\/\",\"url\":\"https:\\\/\\\/sindilojasfor.org.br\\\/web\\\/colaboradores\\\/\",\"name\":\"Colaboradores - Sindilojas Fortaleza\",\"isPartOf\":{\"@id\":\"https:\\\/\\\/sindilojasfor.org.br\\\/web\\\/#website\"},\"primaryImageOfPage\":{\"@id\":\"https:\\\/\\\/sindilojasfor.org.br\\\/web\\\/colaboradores\\\/#primaryimage\"},\"image\":{\"@id\":\"https:\\\/\\\/sindilojasfor.org.br\\\/web\\\/colaboradores\\\/#primaryimage\"},\"thumbnailUrl\":\"https:\\\/\\\/sindilojasfor.org.br\\\/web\\\/wp-content\\\/uploads\\\/2025\\\/05\\\/detalhe-xadrez.webp\",\"datePublished\":\"2025-05-02T20:43:30+00:00\",\"dateModified\":\"2025-08-11T13:26:03+00:00\",\"breadcrumb\":{\"@id\":\"https:\\\/\\\/sindilojasfor.org.br\\\/web\\\/colaboradores\\\/#breadcrumb\"},\"inLanguage\":\"pt-BR\",\"potentialAction\":[{\"@type\":\"ReadAction\",\"target\":[\"https:\\\/\\\/sindilojasfor.org.br\\\/web\\\/colaboradores\\\/\"]}]},{\"@type\":\"ImageObject\",\"inLanguage\":\"pt-BR\",\"@id\":\"https:\\\/\\\/sindilojasfor.org.br\\\/web\\\/colaboradores\\\/#primaryimage\",\"url\":\"https:\\\/\\\/sindilojasfor.org.br\\\/web\\\/wp-content\\\/uploads\\\/2025\\\/05\\\/detalhe-xadrez.webp\",\"contentUrl\":\"https:\\\/\\\/sindilojasfor.org.br\\\/web\\\/wp-content\\\/uploads\\\/2025\\\/05\\\/detalhe-xadrez.webp\",\"width\":71,\"height\":71},{\"@type\":\"BreadcrumbList\",\"@id\":\"https:\\\/\\\/sindilojasfor.org.br\\\/web\\\/colaboradores\\\/#breadcrumb\",\"itemListElement\":[{\"@type\":\"ListItem\",\"position\":1,\"name\":\"In\u00edcio\",\"item\":\"https:\\\/\\\/sindilojasfor.org.br\\\/web\\\/\"},{\"@type\":\"ListItem\",\"position\":2,\"name\":\"Colaboradores\"}]},{\"@type\":\"WebSite\",\"@id\":\"https:\\\/\\\/sindilojasfor.org.br\\\/web\\\/#website\",\"url\":\"https:\\\/\\\/sindilojasfor.org.br\\\/web\\\/\",\"name\":\"Sindilojas Fortaleza\",\"description\":\"H\u00e1 91 anos, A Casa do Lojista\",\"publisher\":{\"@id\":\"https:\\\/\\\/sindilojasfor.org.br\\\/web\\\/#organization\"},\"potentialAction\":[{\"@type\":\"SearchAction\",\"target\":{\"@type\":\"EntryPoint\",\"urlTemplate\":\"https:\\\/\\\/sindilojasfor.org.br\\\/web\\\/?s={search_term_string}\"},\"query-input\":{\"@type\":\"PropertyValueSpecification\",\"valueRequired\":true,\"valueName\":\"search_term_string\"}}],\"inLanguage\":\"pt-BR\"},{\"@type\":\"Organization\",\"@id\":\"https:\\\/\\\/sindilojasfor.org.br\\\/web\\\/#organization\",\"name\":\"Sindilojas Fortaleza\",\"url\":\"https:\\\/\\\/sindilojasfor.org.br\\\/web\\\/\",\"logo\":{\"@type\":\"ImageObject\",\"inLanguage\":\"pt-BR\",\"@id\":\"https:\\\/\\\/sindilojasfor.org.br\\\/web\\\/#\\\/schema\\\/logo\\\/image\\\/\",\"url\":\"https:\\\/\\\/sindilojasfor.org.br\\\/web\\\/wp-content\\\/uploads\\\/2025\\\/03\\\/logo.png\",\"contentUrl\":\"https:\\\/\\\/sindilojasfor.org.br\\\/web\\\/wp-content\\\/uploads\\\/2025\\\/03\\\/logo.png\",\"width\":750,\"height\":333,\"caption\":\"Sindilojas Fortaleza\"},\"image\":{\"@id\":\"https:\\\/\\\/sindilojasfor.org.br\\\/web\\\/#\\\/schema\\\/logo\\\/image\\\/\"},\"sameAs\":[\"https:\\\/\\\/www.facebook.com\\\/SindilojasFortaleza\",\"https:\\\/\\\/x.com\\\/SindilojasFor\",\"https:\\\/\\\/www.instagram.com\\\/SindilojasFor\",\"https:\\\/\\\/www.linkedin.com\\\/in\\\/gerencia-fortaleza-45093a46\\\/\",\"https:\\\/\\\/t.me\\\/sindilojasfortaleza\",\"https:\\\/\\\/www.youtube.com\\\/channel\\\/UCQOowPrNcYoeFMK58ZrCxDQ\"]}]}<\/script>\n<!-- \/ Yoast SEO plugin. -->","yoast_head_json":{"title":"Colaboradores - Sindilojas Fortaleza","robots":{"index":"index","follow":"follow","max-snippet":"max-snippet:-1","max-image-preview":"max-image-preview:large","max-video-preview":"max-video-preview:-1"},"canonical":"https:\/\/sindilojasfor.org.br\/web\/colaboradores\/","og_locale":"pt_BR","og_type":"article","og_title":"Colaboradores - Sindilojas Fortaleza","og_description":"N\u00f3s que formamos o time \u201cColaboradores SINDILOJAS Fortaleza\u201d, temos grande satisfa\u00e7\u00e3o em atender os lojistas, nossos associados e representados por esta entidade sindical.\u00a0 T\u00e2nia Damasceno Assessora da Presid\u00eancia Patr\u00edcia Siqueira Gerente Executiva Cl\u00e1udio Gomes Administrativo C\u00e9lia Albuquerque Financeiro Camila Vasconcelos Agente de Registro Erika Miranda Comercial Carolina Alves Recepcionista","og_url":"https:\/\/sindilojasfor.org.br\/web\/colaboradores\/","og_site_name":"Sindilojas Fortaleza","article_publisher":"https:\/\/www.facebook.com\/SindilojasFortaleza","article_modified_time":"2025-08-11T13:26:03+00:00","og_image":[{"width":71,"height":71,"url":"https:\/\/sindilojasfor.org.br\/web\/wp-content\/uploads\/2025\/05\/detalhe-xadrez.webp","type":"image\/webp"}],"twitter_card":"summary_large_image","twitter_site":"@SindilojasFor","twitter_misc":{"Est. tempo de leitura":"3 minutos"},"schema":{"@context":"https:\/\/schema.org","@graph":[{"@type":"WebPage","@id":"https:\/\/sindilojasfor.org.br\/web\/colaboradores\/","url":"https:\/\/sindilojasfor.org.br\/web\/colaboradores\/","name":"Colaboradores - Sindilojas Fortaleza","isPartOf":{"@id":"https:\/\/sindilojasfor.org.br\/web\/#website"},"primaryImageOfPage":{"@id":"https:\/\/sindilojasfor.org.br\/web\/colaboradores\/#primaryimage"},"image":{"@id":"https:\/\/sindilojasfor.org.br\/web\/colaboradores\/#primaryimage"},"thumbnailUrl":"https:\/\/sindilojasfor.org.br\/web\/wp-content\/uploads\/2025\/05\/detalhe-xadrez.webp","datePublished":"2025-05-02T20:43:30+00:00","dateModified":"2025-08-11T13:26:03+00:00","breadcrumb":{"@id":"https:\/\/sindilojasfor.org.br\/web\/colaboradores\/#breadcrumb"},"inLanguage":"pt-BR","potentialAction":[{"@type":"ReadAction","target":["https:\/\/sindilojasfor.org.br\/web\/colaboradores\/"]}]},{"@type":"ImageObject","inLanguage":"pt-BR","@id":"https:\/\/sindilojasfor.org.br\/web\/colaboradores\/#primaryimage","url":"https:\/\/sindilojasfor.org.br\/web\/wp-content\/uploads\/2025\/05\/detalhe-xadrez.webp","contentUrl":"https:\/\/sindilojasfor.org.br\/web\/wp-content\/uploads\/2025\/05\/detalhe-xadrez.webp","width":71,"height":71},{"@type":"BreadcrumbList","@id":"https:\/\/sindilojasfor.org.br\/web\/colaboradores\/#breadcrumb","itemListElement":[{"@type":"ListItem","position":1,"name":"In\u00edcio","item":"https:\/\/sindilojasfor.org.br\/web\/"},{"@type":"ListItem","position":2,"name":"Colaboradores"}]},{"@type":"WebSite","@id":"https:\/\/sindilojasfor.org.br\/web\/#website","url":"https:\/\/sindilojasfor.org.br\/web\/","name":"Sindilojas Fortaleza","description":"H\u00e1 91 anos, A Casa do Lojista","publisher":{"@id":"https:\/\/sindilojasfor.org.br\/web\/#organization"},"potentialAction":[{"@type":"SearchAction","target":{"@type":"EntryPoint","urlTemplate":"https:\/\/sindilojasfor.org.br\/web\/?s={search_term_string}"},"query-input":{"@type":"PropertyValueSpecification","valueRequired":true,"valueName":"search_term_string"}}],"inLanguage":"pt-BR"},{"@type":"Organization","@id":"https:\/\/sindilojasfor.org.br\/web\/#organization","name":"Sindilojas Fortaleza","url":"https:\/\/sindilojasfor.org.br\/web\/","logo":{"@type":"ImageObject","inLanguage":"pt-BR","@id":"https:\/\/sindilojasfor.org.br\/web\/#\/schema\/logo\/image\/","url":"https:\/\/sindilojasfor.org.br\/web\/wp-content\/uploads\/2025\/03\/logo.png","contentUrl":"https:\/\/sindilojasfor.org.br\/web\/wp-content\/uploads\/2025\/03\/logo.png","width":750,"height":333,"caption":"Sindilojas Fortaleza"},"image":{"@id":"https:\/\/sindilojasfor.org.br\/web\/#\/schema\/logo\/image\/"},"sameAs":["https:\/\/www.facebook.com\/SindilojasFortaleza","https:\/\/x.com\/SindilojasFor","https:\/\/www.instagram.com\/SindilojasFor","https:\/\/www.linkedin.com\/in\/gerencia-fortaleza-45093a46\/","https:\/\/t.me\/sindilojasfortaleza","https:\/\/www.youtube.com\/channel\/UCQOowPrNcYoeFMK58ZrCxDQ"]}]}},"_links":{"self":[{"href":"https:\/\/sindilojasfor.org.br\/web\/wp-json\/wp\/v2\/pages\/9829","targetHints":{"allow":["GET"]}}],"collection":[{"href":"https:\/\/sindilojasfor.org.br\/web\/wp-json\/wp\/v2\/pages"}],"about":[{"href":"https:\/\/sindilojasfor.org.br\/web\/wp-json\/wp\/v2\/types\/page"}],"author":[{"embeddable":true,"href":"https:\/\/sindilojasfor.org.br\/web\/wp-json\/wp\/v2\/users\/1"}],"replies":[{"embeddable":true,"href":"https:\/\/sindilojasfor.org.br\/web\/wp-json\/wp\/v2\/comments?post=9829"}],"version-history":[{"count":25,"href":"https:\/\/sindilojasfor.org.br\/web\/wp-json\/wp\/v2\/pages\/9829\/revisions"}],"predecessor-version":[{"id":17983,"href":"https:\/\/sindilojasfor.org.br\/web\/wp-json\/wp\/v2\/pages\/9829\/revisions\/17983"}],"wp:attachment":[{"href":"https:\/\/sindilojasfor.org.br\/web\/wp-json\/wp\/v2\/media?parent=9829"}],"curies":[{"name":"wp","href":"https:\/\/api.w.org\/{rel}","templated":true}]}}