{"id":17572,"date":"2025-06-24T14:04:58","date_gmt":"2025-06-24T14:04:58","guid":{"rendered":"https:\/\/sindilojasfor.org.br\/web\/?page_id=17572"},"modified":"2025-06-24T14:14:26","modified_gmt":"2025-06-24T14:14:26","slug":"espaco-para-locacao-e-reservas","status":"publish","type":"page","link":"https:\/\/sindilojasfor.org.br\/web\/espaco-para-locacao-e-reservas\/","title":{"rendered":"Espa\u00e7o para loca\u00e7\u00e3o e reservas"},"content":{"rendered":"\t\t<div data-elementor-type=\"wp-page\" data-elementor-id=\"17572\" class=\"elementor elementor-17572\" data-elementor-post-type=\"page\">\n\t\t\t\t<div class=\"elementor-element elementor-element-2b91836 e-flex e-con-boxed e-con e-parent\" data-id=\"2b91836\" data-element_type=\"container\" data-e-type=\"container\" data-settings=\"{&quot;background_background&quot;:&quot;classic&quot;}\">\n\t\t\t\t\t<div class=\"e-con-inner\">\n\t\t\t\t\t<\/div>\n\t\t\t\t<\/div>\n\t\t<div class=\"elementor-element elementor-element-5f04399 e-flex e-con-boxed e-con e-parent\" data-id=\"5f04399\" data-element_type=\"container\" data-e-type=\"container\">\n\t\t\t\t\t<div class=\"e-con-inner\">\n\t\t\t\t<div class=\"elementor-element elementor-element-2f1bff0 elementor-widget elementor-widget-image\" data-id=\"2f1bff0\" data-element_type=\"widget\" data-e-type=\"widget\" data-widget_type=\"image.default\">\n\t\t\t\t<div class=\"elementor-widget-container\">\n\t\t\t\t\t\t\t\t\t\t\t\t\t\t\t<img decoding=\"async\" width=\"71\" height=\"71\" src=\"https:\/\/sindilojasfor.org.br\/web\/wp-content\/uploads\/2025\/05\/detalhe-xadrez.webp\" class=\"attachment-large size-large wp-image-128\" alt=\"\" \/>\t\t\t\t\t\t\t\t\t\t\t\t\t\t\t<\/div>\n\t\t\t\t<\/div>\n\t\t\t\t\t<\/div>\n\t\t\t\t<\/div>\n\t\t<div class=\"elementor-element elementor-element-699a5a5 e-flex e-con-boxed e-con e-parent\" data-id=\"699a5a5\" data-element_type=\"container\" data-e-type=\"container\">\n\t\t\t\t\t<div class=\"e-con-inner\">\n\t\t\t\t<div class=\"elementor-element elementor-element-6e631e9 elementor-widget elementor-widget-heading\" data-id=\"6e631e9\" data-element_type=\"widget\" data-e-type=\"widget\" data-widget_type=\"heading.default\">\n\t\t\t\t<div class=\"elementor-widget-container\">\n\t\t\t\t\t<h2 class=\"elementor-heading-title elementor-size-default\">Solicita\u00e7\u00e3o \/ Or\u00e7amento<\/h2>\t\t\t\t<\/div>\n\t\t\t\t<\/div>\n\t\t\t\t<div class=\"elementor-element elementor-element-0ebe121 scroll-bottom elementor-button-align-start elementor-widget elementor-widget-form\" data-id=\"0ebe121\" data-element_type=\"widget\" data-e-type=\"widget\" data-settings=\"{&quot;step_next_label&quot;:&quot;Next&quot;,&quot;step_previous_label&quot;:&quot;Previous&quot;,&quot;button_width&quot;:&quot;100&quot;,&quot;step_type&quot;:&quot;number_text&quot;,&quot;step_icon_shape&quot;:&quot;circle&quot;}\" data-widget_type=\"form.default\">\n\t\t\t\t<div class=\"elementor-widget-container\">\n\t\t\t\t\t\t\t<form class=\"elementor-form\" method=\"post\" name=\"Espa\u00e7o para loca\u00e7\u00e3o\" aria-label=\"Espa\u00e7o para loca\u00e7\u00e3o\">\n\t\t\t<input type=\"hidden\" name=\"post_id\" value=\"17572\"\/>\n\t\t\t<input type=\"hidden\" name=\"form_id\" value=\"0ebe121\"\/>\n\t\t\t<input type=\"hidden\" name=\"referer_title\" value=\"Espa\u00e7o para loca\u00e7\u00e3o e reservas - Sindilojas Fortaleza\" \/>\n\n\t\t\t\t\t\t\t<input type=\"hidden\" name=\"queried_id\" value=\"17572\"\/>\n\t\t\t\n\t\t\t<div class=\"elementor-form-fields-wrapper elementor-labels-above\">\n\t\t\t\t\t\t\t\t<div class=\"elementor-field-type-date elementor-field-group elementor-column elementor-field-group-field_27d7985 elementor-col-100\">\n\t\t\t\t\t\t\t\t\t\t\t\t<label for=\"form-field-field_27d7985\" class=\"elementor-field-label\">\n\t\t\t\t\t\t\t\tData\t\t\t\t\t\t\t<\/label>\n\t\t\t\t\t\t\n\t\t<input type=\"date\" name=\"form_fields[field_27d7985]\" id=\"form-field-field_27d7985\" class=\"elementor-field elementor-size-md  elementor-field-textual elementor-date-field\" placeholder=\"Data\" pattern=\"[0-9]{4}-[0-9]{2}-[0-9]{2}\">\n\t\t\t\t\t\t<\/div>\n\t\t\t\t\t\t\t\t<div class=\"elementor-field-type-text elementor-field-group elementor-column elementor-field-group-field_b1df2ae elementor-col-100\">\n\t\t\t\t\t\t\t\t\t\t\t\t<label for=\"form-field-field_b1df2ae\" class=\"elementor-field-label\">\n\t\t\t\t\t\t\t\tTurno\t\t\t\t\t\t\t<\/label>\n\t\t\t\t\t\t\t\t\t\t\t\t\t\t<input size=\"1\" type=\"text\" name=\"form_fields[field_b1df2ae]\" id=\"form-field-field_b1df2ae\" class=\"elementor-field elementor-size-md  elementor-field-textual\" placeholder=\"Turno\">\n\t\t\t\t\t\t\t\t\t\t\t<\/div>\n\t\t\t\t\t\t\t\t<div class=\"elementor-field-type-text elementor-field-group elementor-column elementor-field-group-field_11dc610 elementor-col-100\">\n\t\t\t\t\t\t\t\t\t\t\t\t<label for=\"form-field-field_11dc610\" class=\"elementor-field-label\">\n\t\t\t\t\t\t\t\tQuantidade de pessoas\t\t\t\t\t\t\t<\/label>\n\t\t\t\t\t\t\t\t\t\t\t\t\t\t<input size=\"1\" type=\"text\" name=\"form_fields[field_11dc610]\" id=\"form-field-field_11dc610\" class=\"elementor-field elementor-size-md  elementor-field-textual\" placeholder=\"Quantidade de pessoas\">\n\t\t\t\t\t\t\t\t\t\t\t<\/div>\n\t\t\t\t\t\t\t\t<div class=\"elementor-field-type-text elementor-field-group elementor-column elementor-field-group-name elementor-col-100 elementor-field-required\">\n\t\t\t\t\t\t\t\t\t\t\t\t<label for=\"form-field-name\" class=\"elementor-field-label\">\n\t\t\t\t\t\t\t\tRaz\u00e3o Social\t\t\t\t\t\t\t<\/label>\n\t\t\t\t\t\t\t\t\t\t\t\t\t\t<input size=\"1\" type=\"text\" name=\"form_fields[name]\" id=\"form-field-name\" class=\"elementor-field elementor-size-md  elementor-field-textual\" placeholder=\"Raz\u00e3o Social\" required=\"required\">\n\t\t\t\t\t\t\t\t\t\t\t<\/div>\n\t\t\t\t\t\t\t\t<div class=\"elementor-field-type-text elementor-field-group elementor-column elementor-field-group-field_02bb89a elementor-col-100 elementor-field-required\">\n\t\t\t\t\t\t\t\t\t\t\t\t<label for=\"form-field-field_02bb89a\" class=\"elementor-field-label\">\n\t\t\t\t\t\t\t\tNome Fantasia da Empresa\t\t\t\t\t\t\t<\/label>\n\t\t\t\t\t\t\t\t\t\t\t\t\t\t<input size=\"1\" type=\"text\" name=\"form_fields[field_02bb89a]\" id=\"form-field-field_02bb89a\" class=\"elementor-field elementor-size-md  elementor-field-textual\" placeholder=\"Nome Fantasia da Empresa\" required=\"required\">\n\t\t\t\t\t\t\t\t\t\t\t<\/div>\n\t\t\t\t\t\t\t\t<div class=\"elementor-field-type-text elementor-field-group elementor-column elementor-field-group-field_c34b08e elementor-col-100 elementor-field-required\">\n\t\t\t\t\t\t\t\t\t\t\t\t<label for=\"form-field-field_c34b08e\" class=\"elementor-field-label\">\n\t\t\t\t\t\t\t\tCNPJ\t\t\t\t\t\t\t<\/label>\n\t\t\t\t\t\t\t\t\t\t\t\t\t\t<input size=\"1\" type=\"text\" name=\"form_fields[field_c34b08e]\" id=\"form-field-field_c34b08e\" class=\"elementor-field elementor-size-md  elementor-field-textual\" placeholder=\"CNPJ\" required=\"required\">\n\t\t\t\t\t\t\t\t\t\t\t<\/div>\n\t\t\t\t\t\t\t\t<div class=\"elementor-field-type-email elementor-field-group elementor-column elementor-field-group-message elementor-col-100 elementor-field-required\">\n\t\t\t\t\t\t\t\t\t\t\t\t<label for=\"form-field-message\" class=\"elementor-field-label\">\n\t\t\t\t\t\t\t\tEmail da Empresa\t\t\t\t\t\t\t<\/label>\n\t\t\t\t\t\t\t\t\t\t\t\t\t\t<input size=\"1\" type=\"email\" name=\"form_fields[message]\" id=\"form-field-message\" class=\"elementor-field elementor-size-md  elementor-field-textual\" placeholder=\"Email da Empresa\" required=\"required\">\n\t\t\t\t\t\t\t\t\t\t\t<\/div>\n\t\t\t\t\t\t\t\t<div class=\"elementor-field-type-textarea elementor-field-group elementor-column elementor-field-group-field_c0443ac elementor-col-100 elementor-field-required\">\n\t\t\t\t\t\t\t\t\t\t\t\t<label for=\"form-field-field_c0443ac\" class=\"elementor-field-label\">\n\t\t\t\t\t\t\t\tRespons\u00e1vel pela loca\u00e7\u00e3o\t\t\t\t\t\t\t<\/label>\n\t\t\t\t\t\t<textarea class=\"elementor-field-textual elementor-field  elementor-size-md\" name=\"form_fields[field_c0443ac]\" id=\"form-field-field_c0443ac\" rows=\"3\" placeholder=\"Respons\u00e1vel pela loca\u00e7\u00e3o\" required=\"required\"><\/textarea>\t\t\t\t<\/div>\n\t\t\t\t\t\t\t\t<div class=\"elementor-field-type-text elementor-field-group elementor-column elementor-field-group-field_f9c3b77 elementor-col-100 elementor-field-required\">\n\t\t\t\t\t\t\t\t\t\t\t\t<label for=\"form-field-field_f9c3b77\" class=\"elementor-field-label\">\n\t\t\t\t\t\t\t\tWhatsApp do respons\u00e1vel\t\t\t\t\t\t\t<\/label>\n\t\t\t\t\t\t\t\t\t\t\t\t\t\t<input size=\"1\" type=\"text\" name=\"form_fields[field_f9c3b77]\" id=\"form-field-field_f9c3b77\" class=\"elementor-field elementor-size-md  elementor-field-textual\" placeholder=\"WhatsApp do respons\u00e1vel\" required=\"required\">\n\t\t\t\t\t\t\t\t\t\t\t<\/div>\n\t\t\t\t\t\t\t\t<div class=\"elementor-field-type-text elementor-field-group elementor-column elementor-field-group-field_199e497 elementor-col-100\">\n\t\t\t\t\t\t\t\t\t\t\t\t<label for=\"form-field-field_199e497\" class=\"elementor-field-label\">\n\t\t\t\t\t\t\t\tTipo de evento\t\t\t\t\t\t\t<\/label>\n\t\t\t\t\t\t\t\t\t\t\t\t\t\t<input size=\"1\" type=\"text\" name=\"form_fields[field_199e497]\" id=\"form-field-field_199e497\" class=\"elementor-field elementor-size-md  elementor-field-textual\" placeholder=\"Tipo de evento\">\n\t\t\t\t\t\t\t\t\t\t\t<\/div>\n\t\t\t\t\t\t\t\t<div class=\"elementor-field-type-checkbox elementor-field-group elementor-column elementor-field-group-field_ca0ef98 elementor-col-100\">\n\t\t\t\t\t\t\t\t\t\t\t\t<label for=\"form-field-field_ca0ef98\" class=\"elementor-field-label\">\n\t\t\t\t\t\t\t\tRecursos audiovisuais\t\t\t\t\t\t\t<\/label>\n\t\t\t\t\t\t<div class=\"elementor-field-subgroup  \"><span class=\"elementor-field-option\"><input type=\"checkbox\" value=\" Notebook\" id=\"form-field-field_ca0ef98-0\" name=\"form_fields[field_ca0ef98][]\"> <label for=\"form-field-field_ca0ef98-0\">Notebook <\/label><\/span><span class=\"elementor-field-option\"><input type=\"checkbox\" value=\" Projetor \" id=\"form-field-field_ca0ef98-1\" name=\"form_fields[field_ca0ef98][]\"> <label for=\"form-field-field_ca0ef98-1\">Projetor <\/label><\/span><\/div>\t\t\t\t<\/div>\n\t\t\t\t\t\t\t\t<div class=\"elementor-field-type-recaptcha elementor-field-group elementor-column elementor-field-group-field_4b15885 elementor-col-100\">\n\t\t\t\t\t<div class=\"elementor-field\" id=\"form-field-field_4b15885\"><div class=\"elementor-g-recaptcha\" data-sitekey=\"6Le6-18rAAAAAA_rNGfjbqybGYA64OETBoGLAEZV\" data-type=\"v2_checkbox\" data-theme=\"light\" data-size=\"normal\"><\/div><\/div>\t\t\t\t<\/div>\n\t\t\t\t\t\t\t\t<div class=\"elementor-field-group elementor-column elementor-field-type-submit elementor-col-100 e-form__buttons\">\n\t\t\t\t\t<button class=\"elementor-button elementor-size-md\" type=\"submit\">\n\t\t\t\t\t\t<span class=\"elementor-button-content-wrapper\">\n\t\t\t\t\t\t\t\t\t\t\t\t\t\t\t\t\t\t\t\t\t\t<span class=\"elementor-button-text\">Enviar<\/span>\n\t\t\t\t\t\t\t\t\t\t\t\t\t<\/span>\n\t\t\t\t\t<\/button>\n\t\t\t\t<\/div>\n\t\t\t<\/div>\n\t\t<\/form>\n\t\t\t\t\t\t<\/div>\n\t\t\t\t<\/div>\n\t\t\t\t\t<\/div>\n\t\t\t\t<\/div>\n\t\t<div class=\"elementor-element elementor-element-45df9b2 e-flex e-con-boxed e-con e-parent\" data-id=\"45df9b2\" data-element_type=\"container\" data-e-type=\"container\">\n\t\t\t\t\t<div class=\"e-con-inner\">\n\t\t\t\t<div class=\"elementor-element elementor-element-e8e792e elementor-widget elementor-widget-image\" data-id=\"e8e792e\" data-element_type=\"widget\" data-e-type=\"widget\" data-widget_type=\"image.default\">\n\t\t\t\t<div class=\"elementor-widget-container\">\n\t\t\t\t\t\t\t\t\t\t\t\t\t\t\t<img decoding=\"async\" width=\"71\" height=\"71\" src=\"https:\/\/sindilojasfor.org.br\/web\/wp-content\/uploads\/2025\/05\/detalhe-xadrez.webp\" class=\"attachment-large size-large wp-image-128\" alt=\"\" \/>\t\t\t\t\t\t\t\t\t\t\t\t\t\t\t<\/div>\n\t\t\t\t<\/div>\n\t\t\t\t\t<\/div>\n\t\t\t\t<\/div>\n\t\t\t\t<\/div>\n\t\t","protected":false},"excerpt":{"rendered":"<p>Solicita\u00e7\u00e3o \/ Or\u00e7amento<\/p>\n","protected":false},"author":1,"featured_media":0,"parent":0,"menu_order":0,"comment_status":"closed","ping_status":"closed","template":"","meta":{"footnotes":""},"class_list":["post-17572","page","type-page","status-publish","hentry"],"yoast_head":"<!-- This site is optimized with the Yoast SEO plugin v27.3 - https:\/\/yoast.com\/product\/yoast-seo-wordpress\/ -->\n<title>Espa\u00e7o para loca\u00e7\u00e3o e reservas - Sindilojas Fortaleza<\/title>\n<meta name=\"robots\" content=\"index, follow, max-snippet:-1, max-image-preview:large, max-video-preview:-1\" \/>\n<link rel=\"canonical\" href=\"https:\/\/sindilojasfor.org.br\/web\/espaco-para-locacao-e-reservas\/\" \/>\n<meta property=\"og:locale\" content=\"pt_BR\" \/>\n<meta property=\"og:type\" content=\"article\" \/>\n<meta property=\"og:title\" content=\"Espa\u00e7o para loca\u00e7\u00e3o e reservas - Sindilojas Fortaleza\" \/>\n<meta property=\"og:description\" content=\"Solicita\u00e7\u00e3o \/ Or\u00e7amento\" \/>\n<meta property=\"og:url\" content=\"https:\/\/sindilojasfor.org.br\/web\/espaco-para-locacao-e-reservas\/\" \/>\n<meta property=\"og:site_name\" content=\"Sindilojas Fortaleza\" \/>\n<meta property=\"article:publisher\" content=\"https:\/\/www.facebook.com\/SindilojasFortaleza\" \/>\n<meta property=\"article:modified_time\" content=\"2025-06-24T14:14:26+00:00\" \/>\n<meta property=\"og:image\" content=\"https:\/\/sindilojasfor.org.br\/web\/wp-content\/uploads\/2025\/05\/detalhe-xadrez.webp\" \/>\n<meta name=\"twitter:card\" content=\"summary_large_image\" \/>\n<meta name=\"twitter:site\" content=\"@SindilojasFor\" \/>\n<meta name=\"twitter:label1\" content=\"Est. tempo de leitura\" \/>\n\t<meta name=\"twitter:data1\" content=\"1 minuto\" \/>\n<script type=\"application\/ld+json\" class=\"yoast-schema-graph\">{\"@context\":\"https:\\\/\\\/schema.org\",\"@graph\":[{\"@type\":\"WebPage\",\"@id\":\"https:\\\/\\\/sindilojasfor.org.br\\\/web\\\/espaco-para-locacao-e-reservas\\\/\",\"url\":\"https:\\\/\\\/sindilojasfor.org.br\\\/web\\\/espaco-para-locacao-e-reservas\\\/\",\"name\":\"Espa\u00e7o para loca\u00e7\u00e3o e reservas - Sindilojas Fortaleza\",\"isPartOf\":{\"@id\":\"https:\\\/\\\/sindilojasfor.org.br\\\/web\\\/#website\"},\"primaryImageOfPage\":{\"@id\":\"https:\\\/\\\/sindilojasfor.org.br\\\/web\\\/espaco-para-locacao-e-reservas\\\/#primaryimage\"},\"image\":{\"@id\":\"https:\\\/\\\/sindilojasfor.org.br\\\/web\\\/espaco-para-locacao-e-reservas\\\/#primaryimage\"},\"thumbnailUrl\":\"https:\\\/\\\/sindilojasfor.org.br\\\/web\\\/wp-content\\\/uploads\\\/2025\\\/05\\\/detalhe-xadrez.webp\",\"datePublished\":\"2025-06-24T14:04:58+00:00\",\"dateModified\":\"2025-06-24T14:14:26+00:00\",\"breadcrumb\":{\"@id\":\"https:\\\/\\\/sindilojasfor.org.br\\\/web\\\/espaco-para-locacao-e-reservas\\\/#breadcrumb\"},\"inLanguage\":\"pt-BR\",\"potentialAction\":[{\"@type\":\"ReadAction\",\"target\":[\"https:\\\/\\\/sindilojasfor.org.br\\\/web\\\/espaco-para-locacao-e-reservas\\\/\"]}]},{\"@type\":\"ImageObject\",\"inLanguage\":\"pt-BR\",\"@id\":\"https:\\\/\\\/sindilojasfor.org.br\\\/web\\\/espaco-para-locacao-e-reservas\\\/#primaryimage\",\"url\":\"https:\\\/\\\/sindilojasfor.org.br\\\/web\\\/wp-content\\\/uploads\\\/2025\\\/05\\\/detalhe-xadrez.webp\",\"contentUrl\":\"https:\\\/\\\/sindilojasfor.org.br\\\/web\\\/wp-content\\\/uploads\\\/2025\\\/05\\\/detalhe-xadrez.webp\",\"width\":71,\"height\":71},{\"@type\":\"BreadcrumbList\",\"@id\":\"https:\\\/\\\/sindilojasfor.org.br\\\/web\\\/espaco-para-locacao-e-reservas\\\/#breadcrumb\",\"itemListElement\":[{\"@type\":\"ListItem\",\"position\":1,\"name\":\"In\u00edcio\",\"item\":\"https:\\\/\\\/sindilojasfor.org.br\\\/web\\\/\"},{\"@type\":\"ListItem\",\"position\":2,\"name\":\"Espa\u00e7o para loca\u00e7\u00e3o e reservas\"}]},{\"@type\":\"WebSite\",\"@id\":\"https:\\\/\\\/sindilojasfor.org.br\\\/web\\\/#website\",\"url\":\"https:\\\/\\\/sindilojasfor.org.br\\\/web\\\/\",\"name\":\"Sindilojas Fortaleza\",\"description\":\"H\u00e1 91 anos, A Casa do Lojista\",\"publisher\":{\"@id\":\"https:\\\/\\\/sindilojasfor.org.br\\\/web\\\/#organization\"},\"potentialAction\":[{\"@type\":\"SearchAction\",\"target\":{\"@type\":\"EntryPoint\",\"urlTemplate\":\"https:\\\/\\\/sindilojasfor.org.br\\\/web\\\/?s={search_term_string}\"},\"query-input\":{\"@type\":\"PropertyValueSpecification\",\"valueRequired\":true,\"valueName\":\"search_term_string\"}}],\"inLanguage\":\"pt-BR\"},{\"@type\":\"Organization\",\"@id\":\"https:\\\/\\\/sindilojasfor.org.br\\\/web\\\/#organization\",\"name\":\"Sindilojas Fortaleza\",\"url\":\"https:\\\/\\\/sindilojasfor.org.br\\\/web\\\/\",\"logo\":{\"@type\":\"ImageObject\",\"inLanguage\":\"pt-BR\",\"@id\":\"https:\\\/\\\/sindilojasfor.org.br\\\/web\\\/#\\\/schema\\\/logo\\\/image\\\/\",\"url\":\"https:\\\/\\\/sindilojasfor.org.br\\\/web\\\/wp-content\\\/uploads\\\/2025\\\/03\\\/logo.png\",\"contentUrl\":\"https:\\\/\\\/sindilojasfor.org.br\\\/web\\\/wp-content\\\/uploads\\\/2025\\\/03\\\/logo.png\",\"width\":750,\"height\":333,\"caption\":\"Sindilojas Fortaleza\"},\"image\":{\"@id\":\"https:\\\/\\\/sindilojasfor.org.br\\\/web\\\/#\\\/schema\\\/logo\\\/image\\\/\"},\"sameAs\":[\"https:\\\/\\\/www.facebook.com\\\/SindilojasFortaleza\",\"https:\\\/\\\/x.com\\\/SindilojasFor\",\"https:\\\/\\\/www.instagram.com\\\/SindilojasFor\",\"https:\\\/\\\/www.linkedin.com\\\/in\\\/gerencia-fortaleza-45093a46\\\/\",\"https:\\\/\\\/t.me\\\/sindilojasfortaleza\",\"https:\\\/\\\/www.youtube.com\\\/channel\\\/UCQOowPrNcYoeFMK58ZrCxDQ\"]}]}<\/script>\n<!-- \/ Yoast SEO plugin. -->","yoast_head_json":{"title":"Espa\u00e7o para loca\u00e7\u00e3o e reservas - Sindilojas Fortaleza","robots":{"index":"index","follow":"follow","max-snippet":"max-snippet:-1","max-image-preview":"max-image-preview:large","max-video-preview":"max-video-preview:-1"},"canonical":"https:\/\/sindilojasfor.org.br\/web\/espaco-para-locacao-e-reservas\/","og_locale":"pt_BR","og_type":"article","og_title":"Espa\u00e7o para loca\u00e7\u00e3o e reservas - Sindilojas Fortaleza","og_description":"Solicita\u00e7\u00e3o \/ Or\u00e7amento","og_url":"https:\/\/sindilojasfor.org.br\/web\/espaco-para-locacao-e-reservas\/","og_site_name":"Sindilojas Fortaleza","article_publisher":"https:\/\/www.facebook.com\/SindilojasFortaleza","article_modified_time":"2025-06-24T14:14:26+00:00","og_image":[{"url":"https:\/\/sindilojasfor.org.br\/web\/wp-content\/uploads\/2025\/05\/detalhe-xadrez.webp","type":"","width":"","height":""}],"twitter_card":"summary_large_image","twitter_site":"@SindilojasFor","twitter_misc":{"Est. tempo de leitura":"1 minuto"},"schema":{"@context":"https:\/\/schema.org","@graph":[{"@type":"WebPage","@id":"https:\/\/sindilojasfor.org.br\/web\/espaco-para-locacao-e-reservas\/","url":"https:\/\/sindilojasfor.org.br\/web\/espaco-para-locacao-e-reservas\/","name":"Espa\u00e7o para loca\u00e7\u00e3o e reservas - Sindilojas Fortaleza","isPartOf":{"@id":"https:\/\/sindilojasfor.org.br\/web\/#website"},"primaryImageOfPage":{"@id":"https:\/\/sindilojasfor.org.br\/web\/espaco-para-locacao-e-reservas\/#primaryimage"},"image":{"@id":"https:\/\/sindilojasfor.org.br\/web\/espaco-para-locacao-e-reservas\/#primaryimage"},"thumbnailUrl":"https:\/\/sindilojasfor.org.br\/web\/wp-content\/uploads\/2025\/05\/detalhe-xadrez.webp","datePublished":"2025-06-24T14:04:58+00:00","dateModified":"2025-06-24T14:14:26+00:00","breadcrumb":{"@id":"https:\/\/sindilojasfor.org.br\/web\/espaco-para-locacao-e-reservas\/#breadcrumb"},"inLanguage":"pt-BR","potentialAction":[{"@type":"ReadAction","target":["https:\/\/sindilojasfor.org.br\/web\/espaco-para-locacao-e-reservas\/"]}]},{"@type":"ImageObject","inLanguage":"pt-BR","@id":"https:\/\/sindilojasfor.org.br\/web\/espaco-para-locacao-e-reservas\/#primaryimage","url":"https:\/\/sindilojasfor.org.br\/web\/wp-content\/uploads\/2025\/05\/detalhe-xadrez.webp","contentUrl":"https:\/\/sindilojasfor.org.br\/web\/wp-content\/uploads\/2025\/05\/detalhe-xadrez.webp","width":71,"height":71},{"@type":"BreadcrumbList","@id":"https:\/\/sindilojasfor.org.br\/web\/espaco-para-locacao-e-reservas\/#breadcrumb","itemListElement":[{"@type":"ListItem","position":1,"name":"In\u00edcio","item":"https:\/\/sindilojasfor.org.br\/web\/"},{"@type":"ListItem","position":2,"name":"Espa\u00e7o para loca\u00e7\u00e3o e reservas"}]},{"@type":"WebSite","@id":"https:\/\/sindilojasfor.org.br\/web\/#website","url":"https:\/\/sindilojasfor.org.br\/web\/","name":"Sindilojas Fortaleza","description":"H\u00e1 91 anos, A Casa do Lojista","publisher":{"@id":"https:\/\/sindilojasfor.org.br\/web\/#organization"},"potentialAction":[{"@type":"SearchAction","target":{"@type":"EntryPoint","urlTemplate":"https:\/\/sindilojasfor.org.br\/web\/?s={search_term_string}"},"query-input":{"@type":"PropertyValueSpecification","valueRequired":true,"valueName":"search_term_string"}}],"inLanguage":"pt-BR"},{"@type":"Organization","@id":"https:\/\/sindilojasfor.org.br\/web\/#organization","name":"Sindilojas Fortaleza","url":"https:\/\/sindilojasfor.org.br\/web\/","logo":{"@type":"ImageObject","inLanguage":"pt-BR","@id":"https:\/\/sindilojasfor.org.br\/web\/#\/schema\/logo\/image\/","url":"https:\/\/sindilojasfor.org.br\/web\/wp-content\/uploads\/2025\/03\/logo.png","contentUrl":"https:\/\/sindilojasfor.org.br\/web\/wp-content\/uploads\/2025\/03\/logo.png","width":750,"height":333,"caption":"Sindilojas Fortaleza"},"image":{"@id":"https:\/\/sindilojasfor.org.br\/web\/#\/schema\/logo\/image\/"},"sameAs":["https:\/\/www.facebook.com\/SindilojasFortaleza","https:\/\/x.com\/SindilojasFor","https:\/\/www.instagram.com\/SindilojasFor","https:\/\/www.linkedin.com\/in\/gerencia-fortaleza-45093a46\/","https:\/\/t.me\/sindilojasfortaleza","https:\/\/www.youtube.com\/channel\/UCQOowPrNcYoeFMK58ZrCxDQ"]}]}},"_links":{"self":[{"href":"https:\/\/sindilojasfor.org.br\/web\/wp-json\/wp\/v2\/pages\/17572","targetHints":{"allow":["GET"]}}],"collection":[{"href":"https:\/\/sindilojasfor.org.br\/web\/wp-json\/wp\/v2\/pages"}],"about":[{"href":"https:\/\/sindilojasfor.org.br\/web\/wp-json\/wp\/v2\/types\/page"}],"author":[{"embeddable":true,"href":"https:\/\/sindilojasfor.org.br\/web\/wp-json\/wp\/v2\/users\/1"}],"replies":[{"embeddable":true,"href":"https:\/\/sindilojasfor.org.br\/web\/wp-json\/wp\/v2\/comments?post=17572"}],"version-history":[{"count":7,"href":"https:\/\/sindilojasfor.org.br\/web\/wp-json\/wp\/v2\/pages\/17572\/revisions"}],"predecessor-version":[{"id":17580,"href":"https:\/\/sindilojasfor.org.br\/web\/wp-json\/wp\/v2\/pages\/17572\/revisions\/17580"}],"wp:attachment":[{"href":"https:\/\/sindilojasfor.org.br\/web\/wp-json\/wp\/v2\/media?parent=17572"}],"curies":[{"name":"wp","href":"https:\/\/api.w.org\/{rel}","templated":true}]}}